{"id":24323,"date":"2021-06-29T17:30:15","date_gmt":"2021-06-29T15:30:15","guid":{"rendered":"https:\/\/www.amaxperteye.com\/?page_id=24323"},"modified":"2026-03-26T16:30:30","modified_gmt":"2026-03-26T15:30:30","slug":"agenda-contact","status":"publish","type":"page","link":"https:\/\/www.amaxperteye.com\/fr\/agenda-contact\/","title":{"rendered":"Agenda &amp; Contact"},"content":{"rendered":"<div class=\"wpb-content-wrapper\"><p>[vc_row kd_background_image_position=\u00a0\u00bbvc_row-bg-position-top\u00a0\u00bb rt_row_background_width=\u00a0\u00bbfullwidth\u00a0\u00bb rt_row_content_width=\u00a0\u00bbdefault\u00a0\u00bb rt_row_style=\u00a0\u00bbdefault-style\u00a0\u00bb rt_row_borders=\u00a0\u00bb\u00a0\u00bb rt_row_paddings=\u00a0\u00bbtrue\u00a0\u00bb rt_bg_effect=\u00a0\u00bbclassic\u00a0\u00bb rt_bg_image_repeat=\u00a0\u00bbrepeat\u00a0\u00bb rt_bg_size=\u00a0\u00bbcover\u00a0\u00bb rt_bg_position=\u00a0\u00bbright top\u00a0\u00bb rt_bg_attachment=\u00a0\u00bbscroll\u00a0\u00bb rt_bg_video_format=\u00a0\u00bbself-hosted\u00a0\u00bb class=\u00a0\u00bbresources\u00a0\u00bb css=\u00a0\u00bb.vc_custom_1698141047748{margin-top: 200px !important;}\u00a0\u00bb el_class=\u00a0\u00bbheader-titles\u00a0\u00bb][vc_column rt_wrp_col_paddings=\u00a0\u00bbfalse\u00a0\u00bb rt_border_top=\u00a0\u00bb\u00a0\u00bb rt_border_bottom=\u00a0\u00bb\u00a0\u00bb rt_border_left=\u00a0\u00bb\u00a0\u00bb rt_border_right=\u00a0\u00bb\u00a0\u00bb rt_border_top_mobile=\u00a0\u00bb\u00a0\u00bb rt_border_bottom_mobile=\u00a0\u00bb\u00a0\u00bb rt_border_left_mobile=\u00a0\u00bb\u00a0\u00bb rt_border_right_mobile=\u00a0\u00bb\u00a0\u00bb rt_bg_image_repeat=\u00a0\u00bbrepeat\u00a0\u00bb rt_bg_size=\u00a0\u00bbauto auto\u00a0\u00bb rt_bg_position=\u00a0\u00bbright top\u00a0\u00bb rt_bg_attachment=\u00a0\u00bbscroll\u00a0\u00bb][vc_custom_heading text=\u00a0\u00bbAgenda et Contact\u00a0\u00bb font_container=\u00a0\u00bbtag:h1|text_align:center|color:%23ffffff\u00a0\u00bb use_theme_fonts=\u00a0\u00bbyes\u00a0\u00bb][\/vc_column][\/vc_row][vc_row kd_background_image_position=\u00a0\u00bbvc_row-bg-position-top\u00a0\u00bb rt_row_background_width=\u00a0\u00bbfullwidth\u00a0\u00bb rt_row_content_width=\u00a0\u00bbdefault\u00a0\u00bb rt_row_style=\u00a0\u00bbdefault-style\u00a0\u00bb rt_row_borders=\u00a0\u00bb\u00a0\u00bb rt_row_paddings=\u00a0\u00bbtrue\u00a0\u00bb rt_bg_effect=\u00a0\u00bbclassic\u00a0\u00bb rt_bg_image_repeat=\u00a0\u00bbrepeat\u00a0\u00bb rt_bg_size=\u00a0\u00bbcover\u00a0\u00bb rt_bg_position=\u00a0\u00bbright top\u00a0\u00bb rt_bg_attachment=\u00a0\u00bbscroll\u00a0\u00bb rt_bg_video_format=\u00a0\u00bbself-hosted\u00a0\u00bb rt_padding_top=\u00a0\u00bb15px\u00a0\u00bb rt_padding_bottom=\u00a0\u00bb50px\u00a0\u00bb rt_bg_color=\u00a0\u00bb#f7f7f7&Prime; css=\u00a0\u00bb.vc_custom_1698146167530{padding-bottom: 70px !important;}\u00a0\u00bb][vc_column rt_wrp_col_paddings=\u00a0\u00bbfalse\u00a0\u00bb rt_border_top=\u00a0\u00bb\u00a0\u00bb rt_border_bottom=\u00a0\u00bb\u00a0\u00bb rt_border_left=\u00a0\u00bb\u00a0\u00bb rt_border_right=\u00a0\u00bb\u00a0\u00bb rt_border_top_mobile=\u00a0\u00bb\u00a0\u00bb rt_border_bottom_mobile=\u00a0\u00bb\u00a0\u00bb rt_border_left_mobile=\u00a0\u00bb\u00a0\u00bb rt_border_right_mobile=\u00a0\u00bb\u00a0\u00bb rt_bg_image_repeat=\u00a0\u00bbrepeat\u00a0\u00bb rt_bg_size=\u00a0\u00bbauto auto\u00a0\u00bb rt_bg_position=\u00a0\u00bbright top\u00a0\u00bb rt_bg_attachment=\u00a0\u00bbscroll\u00a0\u00bb][vc_row_inner kd_background_image_position=\u00a0\u00bbvc_row-bg-position-top\u00a0\u00bb rt_row_style=\u00a0\u00bbglobal-style\u00a0\u00bb rt_row_borders=\u00a0\u00bb\u00a0\u00bb rt_row_paddings=\u00a0\u00bbtrue\u00a0\u00bb rt_bg_effect=\u00a0\u00bbclassic\u00a0\u00bb rt_bg_image_repeat=\u00a0\u00bbrepeat\u00a0\u00bb rt_bg_size=\u00a0\u00bbcover\u00a0\u00bb rt_bg_position=\u00a0\u00bbright top\u00a0\u00bb rt_bg_attachment=\u00a0\u00bbscroll\u00a0\u00bb rt_bg_video_format=\u00a0\u00bbself-hosted\u00a0\u00bb rt_padding_top=\u00a0\u00bb30px\u00a0\u00bb css=\u00a0\u00bb.vc_custom_1698146171952{padding-bottom: 20px !important;}\u00a0\u00bb][vc_column_inner width=\u00a0\u00bb1\/3&Prime; rt_wrp_col_paddings=\u00a0\u00bbfalse\u00a0\u00bb rt_border_top=\u00a0\u00bb\u00a0\u00bb rt_border_bottom=\u00a0\u00bb\u00a0\u00bb rt_border_left=\u00a0\u00bb\u00a0\u00bb rt_border_right=\u00a0\u00bb\u00a0\u00bb rt_border_top_mobile=\u00a0\u00bb\u00a0\u00bb rt_border_bottom_mobile=\u00a0\u00bb\u00a0\u00bb rt_border_left_mobile=\u00a0\u00bb\u00a0\u00bb rt_border_right_mobile=\u00a0\u00bb\u00a0\u00bb rt_bg_image_repeat=\u00a0\u00bbrepeat\u00a0\u00bb rt_bg_size=\u00a0\u00bbauto auto\u00a0\u00bb rt_bg_position=\u00a0\u00bbright top\u00a0\u00bb rt_bg_attachment=\u00a0\u00bbscroll\u00a0\u00bb][vc_column_text css=\u00a0\u00bb.vc_custom_1698146251494{border-bottom-width: 2px !important;background-color: #ffffff !important;border-bottom-color: #05c3dd !important;border-bottom-style: solid !important;border-radius: 5px !important;}\u00a0\u00bb el_class=\u00a0\u00bbmenu-invest\u00a0\u00bb]<\/p>\n<p style=\"text-align: center\"><a style=\"color: #05c3de\" href=\"https:\/\/www.amaxperteye.com\/fr\/investisseurs\/\">Investisseurs<\/a><\/p>\n<p>[\/vc_column_text][\/vc_column_inner][vc_column_inner width=\u00a0\u00bb1\/3&Prime; rt_wrp_col_paddings=\u00a0\u00bbfalse\u00a0\u00bb rt_border_top=\u00a0\u00bb\u00a0\u00bb rt_border_bottom=\u00a0\u00bb\u00a0\u00bb rt_border_left=\u00a0\u00bb\u00a0\u00bb rt_border_right=\u00a0\u00bb\u00a0\u00bb rt_border_top_mobile=\u00a0\u00bb\u00a0\u00bb rt_border_bottom_mobile=\u00a0\u00bb\u00a0\u00bb rt_border_left_mobile=\u00a0\u00bb\u00a0\u00bb rt_border_right_mobile=\u00a0\u00bb\u00a0\u00bb rt_bg_image_repeat=\u00a0\u00bbrepeat\u00a0\u00bb rt_bg_size=\u00a0\u00bbauto auto\u00a0\u00bb rt_bg_position=\u00a0\u00bbright top\u00a0\u00bb rt_bg_attachment=\u00a0\u00bbscroll\u00a0\u00bb][vc_column_text css=\u00a0\u00bb.vc_custom_1698146275695{border-bottom-width: 2px !important;background-color: #ffffff !important;border-bottom-color: #05c3dd !important;border-bottom-style: solid !important;border-radius: 5px !important;}\u00a0\u00bb el_class=\u00a0\u00bbmenu-invest\u00a0\u00bb]<\/p>\n<p style=\"text-align: center\"><a style=\"color: #05c3de\" href=\"https:\/\/www.amaxperteye.com\/fr\/communiques-de-presse\/\">Communiqu\u00e9s de presse<\/a><\/p>\n<p>[\/vc_column_text][\/vc_column_inner][vc_column_inner width=\u00a0\u00bb1\/3&Prime; rt_wrp_col_paddings=\u00a0\u00bbfalse\u00a0\u00bb rt_border_top=\u00a0\u00bb\u00a0\u00bb rt_border_bottom=\u00a0\u00bb\u00a0\u00bb rt_border_left=\u00a0\u00bb\u00a0\u00bb rt_border_right=\u00a0\u00bb\u00a0\u00bb rt_border_top_mobile=\u00a0\u00bb\u00a0\u00bb rt_border_bottom_mobile=\u00a0\u00bb\u00a0\u00bb rt_border_left_mobile=\u00a0\u00bb\u00a0\u00bb rt_border_right_mobile=\u00a0\u00bb\u00a0\u00bb rt_bg_image_repeat=\u00a0\u00bbrepeat\u00a0\u00bb rt_bg_size=\u00a0\u00bbauto auto\u00a0\u00bb rt_bg_position=\u00a0\u00bbright top\u00a0\u00bb rt_bg_attachment=\u00a0\u00bbscroll\u00a0\u00bb][vc_column_text css=\u00a0\u00bb.vc_custom_1698146285103{border-bottom-width: 2px !important;background-color: #ffffff !important;border-bottom-color: #05c3dd !important;border-bottom-style: solid !important;border-radius: 5px !important;}\u00a0\u00bb el_class=\u00a0\u00bbmenu-invest\u00a0\u00bb]<\/p>\n<p style=\"text-align: center\"><a style=\"color: #05c3de\" href=\"https:\/\/www.amaxperteye.com\/fr\/information-reglementees\/\">Informations r\u00e9glement\u00e9es<\/a><\/p>\n<p>[\/vc_column_text][\/vc_column_inner][\/vc_row_inner][vc_row_inner kd_background_image_position=\u00a0\u00bbvc_row-bg-position-top\u00a0\u00bb rt_row_style=\u00a0\u00bbglobal-style\u00a0\u00bb rt_row_borders=\u00a0\u00bb\u00a0\u00bb rt_row_paddings=\u00a0\u00bbtrue\u00a0\u00bb rt_bg_effect=\u00a0\u00bbclassic\u00a0\u00bb rt_bg_image_repeat=\u00a0\u00bbrepeat\u00a0\u00bb rt_bg_size=\u00a0\u00bbcover\u00a0\u00bb rt_bg_position=\u00a0\u00bbright top\u00a0\u00bb rt_bg_attachment=\u00a0\u00bbscroll\u00a0\u00bb rt_bg_video_format=\u00a0\u00bbself-hosted\u00a0\u00bb rt_padding_top=\u00a0\u00bb30px\u00a0\u00bb css=\u00a0\u00bb.vc_custom_1698146177106{padding-bottom: 20px !important;}\u00a0\u00bb][vc_column_inner width=\u00a0\u00bb1\/3&Prime; rt_wrp_col_paddings=\u00a0\u00bbfalse\u00a0\u00bb rt_border_top=\u00a0\u00bb\u00a0\u00bb rt_border_bottom=\u00a0\u00bb\u00a0\u00bb rt_border_left=\u00a0\u00bb\u00a0\u00bb rt_border_right=\u00a0\u00bb\u00a0\u00bb rt_border_top_mobile=\u00a0\u00bb\u00a0\u00bb rt_border_bottom_mobile=\u00a0\u00bb\u00a0\u00bb rt_border_left_mobile=\u00a0\u00bb\u00a0\u00bb rt_border_right_mobile=\u00a0\u00bb\u00a0\u00bb rt_bg_image_repeat=\u00a0\u00bbrepeat\u00a0\u00bb rt_bg_size=\u00a0\u00bbauto auto\u00a0\u00bb rt_bg_position=\u00a0\u00bbright top\u00a0\u00bb rt_bg_attachment=\u00a0\u00bbscroll\u00a0\u00bb][vc_column_text css=\u00a0\u00bb.vc_custom_1698146260387{border-bottom-width: 2px !important;background-color: #ffffff !important;border-bottom-color: #05c3dd !important;border-bottom-style: solid !important;border-radius: 5px !important;}\u00a0\u00bb el_class=\u00a0\u00bbmenu-invest\u00a0\u00bb]<\/p>\n<p style=\"text-align: center\"><a style=\"color: #05c3de\" href=\"https:\/\/www.amaxperteye.com\/fr\/documentations\/\">Documentation<\/a><\/p>\n<p>[\/vc_column_text][\/vc_column_inner][vc_column_inner width=\u00a0\u00bb1\/3&Prime; rt_wrp_col_paddings=\u00a0\u00bbfalse\u00a0\u00bb rt_border_top=\u00a0\u00bb\u00a0\u00bb rt_border_bottom=\u00a0\u00bb\u00a0\u00bb rt_border_left=\u00a0\u00bb\u00a0\u00bb rt_border_right=\u00a0\u00bb\u00a0\u00bb rt_border_top_mobile=\u00a0\u00bb\u00a0\u00bb rt_border_bottom_mobile=\u00a0\u00bb\u00a0\u00bb rt_border_left_mobile=\u00a0\u00bb\u00a0\u00bb rt_border_right_mobile=\u00a0\u00bb\u00a0\u00bb rt_bg_image_repeat=\u00a0\u00bbrepeat\u00a0\u00bb rt_bg_size=\u00a0\u00bbauto auto\u00a0\u00bb rt_bg_position=\u00a0\u00bbright top\u00a0\u00bb rt_bg_attachment=\u00a0\u00bbscroll\u00a0\u00bb][vc_column_text css=\u00a0\u00bb.vc_custom_1698146267966{border-bottom-width: 2px !important;background-color: #ffffff !important;border-bottom-color: #05c3dd !important;border-bottom-style: solid !important;border-radius: 5px !important;}\u00a0\u00bb el_class=\u00a0\u00bbmenu-invest\u00a0\u00bb]<\/p>\n<p style=\"text-align: center\"><a style=\"color: #05c3de\" href=\"https:\/\/www.amaxperteye.com\/fr\/assemblee-generale\/\">Assembl\u00e9e g\u00e9n\u00e9rale<\/a><\/p>\n<p>[\/vc_column_text][\/vc_column_inner][vc_column_inner width=\u00a0\u00bb1\/3&Prime; rt_wrp_col_paddings=\u00a0\u00bbfalse\u00a0\u00bb rt_border_top=\u00a0\u00bb\u00a0\u00bb rt_border_bottom=\u00a0\u00bb\u00a0\u00bb rt_border_left=\u00a0\u00bb\u00a0\u00bb rt_border_right=\u00a0\u00bb\u00a0\u00bb rt_border_top_mobile=\u00a0\u00bb\u00a0\u00bb rt_border_bottom_mobile=\u00a0\u00bb\u00a0\u00bb rt_border_left_mobile=\u00a0\u00bb\u00a0\u00bb rt_border_right_mobile=\u00a0\u00bb\u00a0\u00bb rt_bg_image_repeat=\u00a0\u00bbrepeat\u00a0\u00bb rt_bg_size=\u00a0\u00bbauto auto\u00a0\u00bb rt_bg_position=\u00a0\u00bbright top\u00a0\u00bb rt_bg_attachment=\u00a0\u00bbscroll\u00a0\u00bb][vc_column_text css=\u00a0\u00bb.vc_custom_1698146294530{border-bottom-width: 2px !important;background-color: #ffffff !important;border-bottom-color: #05c3dd !important;border-bottom-style: solid !important;border-radius: 5px !important;}\u00a0\u00bb el_class=\u00a0\u00bbmenu-invest\u00a0\u00bb]<\/p>\n<p style=\"text-align: center\"><a style=\"color: #05c3de\" href=\"https:\/\/www.amaxperteye.com\/fr\/laction-ama\/\">L\u2019action AMA<\/a><\/p>\n<p>[\/vc_column_text][\/vc_column_inner][\/vc_row_inner][\/vc_column][\/vc_row][vc_row kd_background_image_position=\u00a0\u00bbvc_row-bg-position-top\u00a0\u00bb rt_row_background_width=\u00a0\u00bbdefault\u00a0\u00bb rt_row_style=\u00a0\u00bbdefault-style\u00a0\u00bb rt_row_borders=\u00a0\u00bb\u00a0\u00bb rt_grid=\u00a0\u00bbtrue\u00a0\u00bb rt_row_paddings=\u00a0\u00bbtrue\u00a0\u00bb rt_bg_effect=\u00a0\u00bbclassic\u00a0\u00bb rt_bg_image_repeat=\u00a0\u00bbrepeat\u00a0\u00bb rt_bg_size=\u00a0\u00bbcover\u00a0\u00bb rt_bg_position=\u00a0\u00bbright top\u00a0\u00bb rt_bg_attachment=\u00a0\u00bbscroll\u00a0\u00bb rt_bg_video_format=\u00a0\u00bbself-hosted\u00a0\u00bb rt_padding_top=\u00a0\u00bb65px\u00a0\u00bb rt_padding_bottom=\u00a0\u00bb65px\u00a0\u00bb][vc_column width=\u00a0\u00bb1\/2&Prime; rt_wrp_col_paddings=\u00a0\u00bbfalse\u00a0\u00bb rt_border_top=\u00a0\u00bb\u00a0\u00bb rt_border_bottom=\u00a0\u00bb\u00a0\u00bb rt_border_left=\u00a0\u00bb\u00a0\u00bb rt_border_right=\u00a0\u00bb\u00a0\u00bb rt_border_top_mobile=\u00a0\u00bb\u00a0\u00bb rt_border_bottom_mobile=\u00a0\u00bb\u00a0\u00bb rt_border_left_mobile=\u00a0\u00bb\u00a0\u00bb rt_border_right_mobile=\u00a0\u00bb\u00a0\u00bb rt_bg_image_repeat=\u00a0\u00bbrepeat\u00a0\u00bb rt_bg_size=\u00a0\u00bbauto auto\u00a0\u00bb rt_bg_position=\u00a0\u00bbright top\u00a0\u00bb rt_bg_attachment=\u00a0\u00bbscroll\u00a0\u00bb][vc_custom_heading text=\u00a0\u00bbCalendrier de communications p\u00e9riodiques\u00a0\u00bb font_container=\u00a0\u00bbtag:h3|text_align:left\u00a0\u00bb use_theme_fonts=\u00a0\u00bbyes\u00a0\u00bb css=\u00a0\u00bb.vc_custom_1635797204861{padding-top: 25px !important;}\u00a0\u00bb][vc_column_text css=\u00a0\u00bb\u00a0\u00bb]<em>AMA publie son chiffre d&rsquo;affaires consolid\u00e9 chaque trimestres et ses r\u00e9sultats consolid\u00e9s semestriels et annuels.<\/em><\/p>\n<p><strong>R\u00e9sultats 2025 &amp; chiffre d\u2019affaires du 1<sup>er<\/sup> trimestre 2026 :<\/strong> 30 avril 2026[\/vc_column_text][vc_separator color=\u00a0\u00bb#05c3dd\u00a0\u00bb style=\u00a0\u00bbstyle-2&Prime; border_width=\u00a0\u00bb2px\u00a0\u00bb width=\u00a0\u00bb70px\u00a0\u00bb][vc_custom_heading text=\u00a0\u00bbBureau en France\u00a0\u00bb font_container=\u00a0\u00bbtag:h3|text_align:left\u00a0\u00bb use_theme_fonts=\u00a0\u00bbyes\u00a0\u00bb css=\u00a0\u00bb.vc_custom_1625160870188{padding-top: 25px !important;}\u00a0\u00bb][vc_column_text css=\u00a0\u00bb\u00a0\u00bb]57 rue Jules Vall\u00e8s<br \/>\n35000 Rennes &#8211; France<br \/>\n<span style=\"color: #05c3dd\">+33(0)255 590 921<br \/>\n<\/span><\/p>\n<p><strong>Relations investisseurs :<\/strong> Violaine Martin, Directrice Administrative &amp; Financi\u00e8re[\/vc_column_text][vc_separator color=\u00a0\u00bb#05c3dd\u00a0\u00bb style=\u00a0\u00bbstyle-2&Prime; border_width=\u00a0\u00bb2px\u00a0\u00bb width=\u00a0\u00bb70px\u00a0\u00bb][\/vc_column][vc_column width=\u00a0\u00bb1\/2&Prime; rt_wrp_col_paddings=\u00a0\u00bbfalse\u00a0\u00bb rt_border_top=\u00a0\u00bb\u00a0\u00bb rt_border_bottom=\u00a0\u00bb\u00a0\u00bb rt_border_left=\u00a0\u00bb\u00a0\u00bb rt_border_right=\u00a0\u00bb\u00a0\u00bb rt_border_top_mobile=\u00a0\u00bb\u00a0\u00bb rt_border_bottom_mobile=\u00a0\u00bb\u00a0\u00bb rt_border_left_mobile=\u00a0\u00bb\u00a0\u00bb rt_border_right_mobile=\u00a0\u00bb\u00a0\u00bb rt_bg_image_repeat=\u00a0\u00bbrepeat\u00a0\u00bb rt_bg_size=\u00a0\u00bbauto auto\u00a0\u00bb rt_bg_position=\u00a0\u00bbright top\u00a0\u00bb rt_bg_attachment=\u00a0\u00bbscroll\u00a0\u00bb][vc_custom_heading text=\u00a0\u00bbContacts financiers\u00a0\u00bb font_container=\u00a0\u00bbtag:h3|text_align:left\u00a0\u00bb use_theme_fonts=\u00a0\u00bbyes\u00a0\u00bb css=\u00a0\u00bb.vc_custom_1624982710304{padding-top: 25px !important;}\u00a0\u00bb][vc_separator color=\u00a0\u00bb#05c3dd\u00a0\u00bb style=\u00a0\u00bbstyle-2&Prime; border_width=\u00a0\u00bb2px\u00a0\u00bb width=\u00a0\u00bb70px\u00a0\u00bb][vc_column_text css=\u00a0\u00bb\u00a0\u00bb]<\/p>\n<p style=\"text-align: center\">\n<div class=\"wpcf7 no-js\" id=\"wpcf7-f67015-o1\" lang=\"en-US\" dir=\"ltr\" data-wpcf7-id=\"67015\">\n<div class=\"screen-reader-response\"><p role=\"status\" aria-live=\"polite\" aria-atomic=\"true\"><\/p> <ul><\/ul><\/div>\n<form action=\"\/fr\/wp-json\/wp\/v2\/pages\/24323#wpcf7-f67015-o1\" method=\"post\" class=\"wpcf7-form init\" aria-label=\"Contact form\" novalidate=\"novalidate\" data-status=\"init\">\n<fieldset class=\"hidden-fields-container\"><input type=\"hidden\" name=\"_wpcf7\" value=\"67015\" \/><input type=\"hidden\" name=\"_wpcf7_version\" value=\"6.1.5\" \/><input type=\"hidden\" name=\"_wpcf7_locale\" value=\"en_US\" \/><input type=\"hidden\" name=\"_wpcf7_unit_tag\" value=\"wpcf7-f67015-o1\" \/><input type=\"hidden\" name=\"_wpcf7_container_post\" value=\"0\" \/><input type=\"hidden\" name=\"_wpcf7_posted_data_hash\" value=\"\" \/>\n<\/fieldset>\n<p><label> Your name*<br \/>\n<span class=\"wpcf7-form-control-wrap\" data-name=\"your-name\"><input size=\"40\" maxlength=\"400\" class=\"wpcf7-form-control wpcf7-text wpcf7-validates-as-required\" autocomplete=\"name\" aria-required=\"true\" aria-invalid=\"false\" value=\"\" type=\"text\" name=\"your-name\" \/><\/span> <\/label>\n<\/p>\n<p><label> Your email*<br \/>\n<span class=\"wpcf7-form-control-wrap\" data-name=\"your-email\"><input size=\"40\" maxlength=\"400\" class=\"wpcf7-form-control wpcf7-email wpcf7-validates-as-required wpcf7-text wpcf7-validates-as-email\" autocomplete=\"email\" aria-required=\"true\" aria-invalid=\"false\" value=\"\" type=\"email\" name=\"your-email\" \/><\/span> <\/label>\n<\/p>\n<p><label> Subject*<br \/>\n<span class=\"wpcf7-form-control-wrap\" data-name=\"your-subject\"><input size=\"40\" maxlength=\"400\" class=\"wpcf7-form-control wpcf7-text wpcf7-validates-as-required\" aria-required=\"true\" aria-invalid=\"false\" value=\"\" type=\"text\" name=\"your-subject\" \/><\/span> <\/label>\n<\/p>\n<p><label> Your message*<br \/>\n<span class=\"wpcf7-form-control-wrap\" data-name=\"your-message\"><textarea cols=\"40\" rows=\"10\" maxlength=\"2000\" class=\"wpcf7-form-control wpcf7-textarea wpcf7-validates-as-required\" aria-required=\"true\" aria-invalid=\"false\" name=\"your-message\"><\/textarea><\/span> <\/label>\n<\/p>\n<p><input class=\"wpcf7-form-control wpcf7-submit has-spinner\" type=\"submit\" value=\"Submit\" \/>\n<\/p><div class=\"wpcf7-response-output\" aria-hidden=\"true\"><\/div>\n<\/form>\n<\/div>\n<p>[\/vc_column_text][\/vc_column][vc_column][\/vc_column][\/vc_row]<\/p>\n<\/div>","protected":false},"excerpt":{"rendered":"<p>[vc_row kd_background_image_position=\u00a0\u00bbvc_row-bg-position-top\u00a0\u00bb rt_row_background_width=\u00a0\u00bbfullwidth\u00a0\u00bb rt_row_content_width=\u00a0\u00bbdefault\u00a0\u00bb rt_row_style=\u00a0\u00bbdefault-style\u00a0\u00bb rt_row_borders=\u00a0\u00bb\u00a0\u00bb rt_row_paddings=\u00a0\u00bbtrue\u00a0\u00bb rt_bg_effect=\u00a0\u00bbclassic\u00a0\u00bb rt_bg_image_repeat=\u00a0\u00bbrepeat\u00a0\u00bb rt_bg_size=\u00a0\u00bbcover\u00a0\u00bb rt_bg_position=\u00a0\u00bbright top\u00a0\u00bb rt_bg_attachment=\u00a0\u00bbscroll\u00a0\u00bb rt_bg_video_format=\u00a0\u00bbself-hosted\u00a0\u00bb class=\u00a0\u00bbresources\u00a0\u00bb css=\u00a0\u00bb.vc_custom_1698141047748{margin-top: 200px !important;}\u00a0\u00bb el_class=\u00a0\u00bbheader-titles\u00a0\u00bb][vc_column rt_wrp_col_paddings=\u00a0\u00bbfalse\u00a0\u00bb [&hellip;]<\/p>\n","protected":false},"author":27,"featured_media":0,"parent":0,"menu_order":0,"comment_status":"closed","ping_status":"closed","template":"","meta":{"content-type":"","inline_featured_image":false,"footnotes":"","_links_to":"","_links_to_target":""},"folder":[574],"class_list":["post-24323","page","type-page","status-publish","hentry"],"yoast_head":"<!-- This site is optimized with the Yoast SEO plugin v27.3 - https:\/\/yoast.com\/product\/yoast-seo-wordpress\/ -->\n<title>Agenda &amp; Contact - AMA XpertEye<\/title>\n<meta name=\"description\" content=\"AMA Corporation, soci\u00e9t\u00e9 cot\u00e9e sur Euronext Growth Paris, pr\u00e9sente son calendrier de communication financi\u00e8re.\" \/>\n<meta name=\"robots\" content=\"index, follow, max-snippet:-1, max-image-preview:large, max-video-preview:-1\" \/>\n<link rel=\"canonical\" href=\"https:\/\/www.amaxperteye.com\/fr\/agenda-contact\/\" \/>\n<meta property=\"og:locale\" content=\"fr_FR\" \/>\n<meta property=\"og:type\" content=\"article\" \/>\n<meta property=\"og:title\" content=\"Agenda &amp; Contact - AMA XpertEye\" \/>\n<meta property=\"og:description\" content=\"AMA Corporation, soci\u00e9t\u00e9 cot\u00e9e sur Euronext Growth Paris, pr\u00e9sente son calendrier de communication financi\u00e8re.\" \/>\n<meta property=\"og:url\" content=\"https:\/\/www.amaxperteye.com\/fr\/agenda-contact\/\" \/>\n<meta property=\"og:site_name\" content=\"AMA XpertEye\" \/>\n<meta property=\"article:publisher\" content=\"https:\/\/www.facebook.com\/AMAXpertEyeGroup\/\" \/>\n<meta property=\"article:modified_time\" content=\"2026-03-26T15:30:30+00:00\" \/>\n<meta name=\"twitter:card\" content=\"summary_large_image\" \/>\n<meta name=\"twitter:site\" content=\"@AMA_XPERTEYE\" \/>\n<meta name=\"twitter:label1\" content=\"Dur\u00e9e de lecture estim\u00e9e\" \/>\n\t<meta name=\"twitter:data1\" content=\"3 minutes\" \/>\n<script type=\"application\/ld+json\" class=\"yoast-schema-graph\">{\"@context\":\"https:\\\/\\\/schema.org\",\"@graph\":[{\"@type\":\"WebPage\",\"@id\":\"https:\\\/\\\/www.amaxperteye.com\\\/fr\\\/agenda-contact\\\/\",\"url\":\"https:\\\/\\\/www.amaxperteye.com\\\/fr\\\/agenda-contact\\\/\",\"name\":\"Agenda &amp; Contact - AMA XpertEye\",\"isPartOf\":{\"@id\":\"https:\\\/\\\/www.amaxperteye.com\\\/fr\\\/#website\"},\"datePublished\":\"2021-06-29T15:30:15+00:00\",\"dateModified\":\"2026-03-26T15:30:30+00:00\",\"description\":\"AMA Corporation, soci\u00e9t\u00e9 cot\u00e9e sur Euronext Growth Paris, pr\u00e9sente son calendrier de communication financi\u00e8re.\",\"breadcrumb\":{\"@id\":\"https:\\\/\\\/www.amaxperteye.com\\\/fr\\\/agenda-contact\\\/#breadcrumb\"},\"inLanguage\":\"fr-FR\",\"potentialAction\":[{\"@type\":\"ReadAction\",\"target\":[\"https:\\\/\\\/www.amaxperteye.com\\\/fr\\\/agenda-contact\\\/\"]}]},{\"@type\":\"BreadcrumbList\",\"@id\":\"https:\\\/\\\/www.amaxperteye.com\\\/fr\\\/agenda-contact\\\/#breadcrumb\",\"itemListElement\":[{\"@type\":\"ListItem\",\"position\":1,\"name\":\"Accueil\",\"item\":\"https:\\\/\\\/www.amaxperteye.com\\\/fr\\\/\"},{\"@type\":\"ListItem\",\"position\":2,\"name\":\"Agenda &amp; Contact\"}]},{\"@type\":\"WebSite\",\"@id\":\"https:\\\/\\\/www.amaxperteye.com\\\/fr\\\/#website\",\"url\":\"https:\\\/\\\/www.amaxperteye.com\\\/fr\\\/\",\"name\":\"AMA XpertEye\",\"description\":\"Digital Accelerator\",\"potentialAction\":[{\"@type\":\"SearchAction\",\"target\":{\"@type\":\"EntryPoint\",\"urlTemplate\":\"https:\\\/\\\/www.amaxperteye.com\\\/fr\\\/?s={search_term_string}\"},\"query-input\":{\"@type\":\"PropertyValueSpecification\",\"valueRequired\":true,\"valueName\":\"search_term_string\"}}],\"inLanguage\":\"fr-FR\"}]}<\/script>\n<!-- \/ Yoast SEO plugin. -->","yoast_head_json":{"title":"Agenda &amp; Contact - AMA XpertEye","description":"AMA Corporation, soci\u00e9t\u00e9 cot\u00e9e sur Euronext Growth Paris, pr\u00e9sente son calendrier de communication financi\u00e8re.","robots":{"index":"index","follow":"follow","max-snippet":"max-snippet:-1","max-image-preview":"max-image-preview:large","max-video-preview":"max-video-preview:-1"},"canonical":"https:\/\/www.amaxperteye.com\/fr\/agenda-contact\/","og_locale":"fr_FR","og_type":"article","og_title":"Agenda &amp; Contact - AMA XpertEye","og_description":"AMA Corporation, soci\u00e9t\u00e9 cot\u00e9e sur Euronext Growth Paris, pr\u00e9sente son calendrier de communication financi\u00e8re.","og_url":"https:\/\/www.amaxperteye.com\/fr\/agenda-contact\/","og_site_name":"AMA XpertEye","article_publisher":"https:\/\/www.facebook.com\/AMAXpertEyeGroup\/","article_modified_time":"2026-03-26T15:30:30+00:00","twitter_card":"summary_large_image","twitter_site":"@AMA_XPERTEYE","twitter_misc":{"Dur\u00e9e de lecture estim\u00e9e":"3 minutes"},"schema":{"@context":"https:\/\/schema.org","@graph":[{"@type":"WebPage","@id":"https:\/\/www.amaxperteye.com\/fr\/agenda-contact\/","url":"https:\/\/www.amaxperteye.com\/fr\/agenda-contact\/","name":"Agenda &amp; Contact - AMA XpertEye","isPartOf":{"@id":"https:\/\/www.amaxperteye.com\/fr\/#website"},"datePublished":"2021-06-29T15:30:15+00:00","dateModified":"2026-03-26T15:30:30+00:00","description":"AMA Corporation, soci\u00e9t\u00e9 cot\u00e9e sur Euronext Growth Paris, pr\u00e9sente son calendrier de communication financi\u00e8re.","breadcrumb":{"@id":"https:\/\/www.amaxperteye.com\/fr\/agenda-contact\/#breadcrumb"},"inLanguage":"fr-FR","potentialAction":[{"@type":"ReadAction","target":["https:\/\/www.amaxperteye.com\/fr\/agenda-contact\/"]}]},{"@type":"BreadcrumbList","@id":"https:\/\/www.amaxperteye.com\/fr\/agenda-contact\/#breadcrumb","itemListElement":[{"@type":"ListItem","position":1,"name":"Accueil","item":"https:\/\/www.amaxperteye.com\/fr\/"},{"@type":"ListItem","position":2,"name":"Agenda &amp; Contact"}]},{"@type":"WebSite","@id":"https:\/\/www.amaxperteye.com\/fr\/#website","url":"https:\/\/www.amaxperteye.com\/fr\/","name":"AMA XpertEye","description":"Digital Accelerator","potentialAction":[{"@type":"SearchAction","target":{"@type":"EntryPoint","urlTemplate":"https:\/\/www.amaxperteye.com\/fr\/?s={search_term_string}"},"query-input":{"@type":"PropertyValueSpecification","valueRequired":true,"valueName":"search_term_string"}}],"inLanguage":"fr-FR"}]}},"_links":{"self":[{"href":"https:\/\/www.amaxperteye.com\/fr\/wp-json\/wp\/v2\/pages\/24323","targetHints":{"allow":["GET"]}}],"collection":[{"href":"https:\/\/www.amaxperteye.com\/fr\/wp-json\/wp\/v2\/pages"}],"about":[{"href":"https:\/\/www.amaxperteye.com\/fr\/wp-json\/wp\/v2\/types\/page"}],"author":[{"embeddable":true,"href":"https:\/\/www.amaxperteye.com\/fr\/wp-json\/wp\/v2\/users\/27"}],"replies":[{"embeddable":true,"href":"https:\/\/www.amaxperteye.com\/fr\/wp-json\/wp\/v2\/comments?post=24323"}],"version-history":[{"count":44,"href":"https:\/\/www.amaxperteye.com\/fr\/wp-json\/wp\/v2\/pages\/24323\/revisions"}],"predecessor-version":[{"id":69345,"href":"https:\/\/www.amaxperteye.com\/fr\/wp-json\/wp\/v2\/pages\/24323\/revisions\/69345"}],"wp:attachment":[{"href":"https:\/\/www.amaxperteye.com\/fr\/wp-json\/wp\/v2\/media?parent=24323"}],"wp:term":[{"taxonomy":"folder","embeddable":true,"href":"https:\/\/www.amaxperteye.com\/fr\/wp-json\/wp\/v2\/folder?post=24323"}],"curies":[{"name":"wp","href":"https:\/\/api.w.org\/{rel}","templated":true}]}}