{"id":61029,"date":"2023-10-10T08:34:10","date_gmt":"2023-10-10T06:34:10","guid":{"rendered":"https:\/\/www.amaxperteye.com\/?page_id=61029"},"modified":"2023-10-26T08:33:45","modified_gmt":"2023-10-26T06:33:45","slug":"la-guia-definitiva-para-gestion-del-flujo-de-trabajo-digital","status":"publish","type":"page","link":"https:\/\/www.amaxperteye.com\/es\/la-guia-definitiva-para-gestion-del-flujo-de-trabajo-digital\/","title":{"rendered":"La gu\u00eda definitiva para  gesti\u00f3n del flujo de trabajo digital"},"content":{"rendered":"<div class=\"wpb-content-wrapper\"><p>[vc_row full_width=\u00bbstretch_row\u00bb kd_background_image_position=\u00bbvc_row-bg-position-top\u00bb kd_background_overlay=\u00bbtrue\u00bb rt_row_background_width=\u00bbfullwidth\u00bb rt_row_content_width=\u00bbfullwidth\u00bb rt_row_style=\u00bbdefault-style\u00bb rt_column_placement=\u00bbmiddle\u00bb rt_row_borders=\u00bb\u00bb rt_equal_heights=\u00bbtrue\u00bb rt_row_paddings=\u00bbtrue\u00bb id=\u00bbbanner-rvi\u00bb rt_bg_image=\u00bb60908&#8243; rt_bg_effect=\u00bbclassic\u00bb rt_bg_image_repeat=\u00bbno-repeat\u00bb rt_bg_size=\u00bbcover\u00bb rt_bg_position=\u00bbleft center\u00bb rt_bg_attachment=\u00bbscroll\u00bb rt_bg_video_format=\u00bbself-hosted\u00bb rt_padding_top=\u00bb65px\u00bb rt_padding_bottom=\u00bb65px\u00bb css=\u00bb.vc_custom_1698182430712{padding-top: 200px !important;padding-bottom: 70px !important;}\u00bb][vc_column rt_wrp_col_paddings=\u00bbfalse\u00bb rt_border_top=\u00bb\u00bb rt_border_bottom=\u00bb\u00bb rt_border_left=\u00bb\u00bb rt_border_right=\u00bb\u00bb rt_border_top_mobile=\u00bb\u00bb rt_border_bottom_mobile=\u00bb\u00bb rt_border_left_mobile=\u00bb\u00bb rt_border_right_mobile=\u00bb\u00bb rt_bg_image_repeat=\u00bbrepeat\u00bb rt_bg_size=\u00bbauto auto\u00bb rt_bg_position=\u00bbright top\u00bb rt_bg_attachment=\u00bbscroll\u00bb][vc_row_inner kd_background_image_position=\u00bbvc_row-bg-position-top\u00bb rt_row_style=\u00bbglobal-style\u00bb rt_row_borders=\u00bb\u00bb rt_equal_heights=\u00bbtrue\u00bb rt_row_paddings=\u00bbtrue\u00bb rt_bg_effect=\u00bbclassic\u00bb rt_bg_image_repeat=\u00bbrepeat\u00bb rt_bg_size=\u00bbcover\u00bb rt_bg_position=\u00bbright top\u00bb rt_bg_attachment=\u00bbscroll\u00bb rt_bg_video_format=\u00bbself-hosted\u00bb][vc_column_inner width=\u00bb1\/2&#8243; rt_wrp_col_paddings=\u00bbfalse\u00bb rt_border_top=\u00bb\u00bb rt_border_bottom=\u00bb\u00bb rt_border_left=\u00bb\u00bb rt_border_right=\u00bb\u00bb rt_border_top_mobile=\u00bb\u00bb rt_border_bottom_mobile=\u00bb\u00bb rt_border_left_mobile=\u00bb\u00bb rt_border_right_mobile=\u00bb\u00bb rt_bg_image_repeat=\u00bbno-repeat\u00bb rt_bg_size=\u00bb50% auto\u00bb rt_bg_position=\u00bbcenter center\u00bb rt_bg_attachment=\u00bbscroll\u00bb][vc_column_text css=\u00bb.vc_custom_1695888176362{padding-top: 30px !important;}\u00bb]<\/p>\n<h2>La gu\u00eda definitiva para<br \/>\ngesti\u00f3n del flujo de trabajo digital<\/h2>\n<p>[\/vc_column_text][vc_column_text]Un recurso para solucionadores de problemas, directivos y personal conectado[\/vc_column_text][vc_column_text]<img loading=\"lazy\" decoding=\"async\" class=\"alignnone wp-image-60921\" src=\"https:\/\/www.amaxperteye.com\/wp-content\/uploads\/2023\/09\/Download_WhitePaper-Proceed-2-300x237.png\" alt=\"\" width=\"395\" height=\"312\" srcset=\"https:\/\/www.amaxperteye.com\/wp-content\/uploads\/2023\/09\/Download_WhitePaper-Proceed-2-300x237.png 300w, https:\/\/www.amaxperteye.com\/wp-content\/uploads\/2023\/09\/Download_WhitePaper-Proceed-2-768x608.png 768w, https:\/\/www.amaxperteye.com\/wp-content\/uploads\/2023\/09\/Download_WhitePaper-Proceed-2.png 843w\" sizes=\"auto, (max-width: 395px) 100vw, 395px\" \/>[\/vc_column_text][\/vc_column_inner][vc_column_inner width=\u00bb1\/2&#8243; rt_wrp_col_paddings=\u00bbfalse\u00bb rt_border_top=\u00bb\u00bb rt_border_bottom=\u00bb\u00bb rt_border_left=\u00bb\u00bb rt_border_right=\u00bb\u00bb rt_border_top_mobile=\u00bb\u00bb rt_border_bottom_mobile=\u00bb\u00bb rt_border_left_mobile=\u00bb\u00bb rt_border_right_mobile=\u00bb\u00bb rt_bg_image_repeat=\u00bbrepeat\u00bb rt_bg_size=\u00bbauto auto\u00bb rt_bg_position=\u00bbright top\u00bb rt_bg_attachment=\u00bbscroll\u00bb][vc_column_text el_class=\u00bbrvi-form\u00bb]<script charset=\"utf-8\" type=\"text\/javascript\" src=\"\/\/js.hsforms.net\/forms\/embed\/v2.js\"><\/script><br \/>\n<script>\n  hbspt.forms.create({\n    region: \"na1\",\n    portalId: \"8508787\",\ncss: \"proceed\",\n    formId: \"0dbbd980-6a45-4012-b357-39f07da8c210\"\n  });\n<\/script>[\/vc_column_text][\/vc_column_inner][\/vc_row_inner][\/vc_column][\/vc_row][vc_row kd_background_image_position=\u00bbvc_row-bg-position-top\u00bb rt_row_background_width=\u00bbdefault\u00bb rt_row_style=\u00bbdefault-style\u00bb rt_row_borders=\u00bb\u00bb rt_row_paddings=\u00bbtrue\u00bb rt_bg_effect=\u00bbclassic\u00bb rt_bg_image_repeat=\u00bbrepeat\u00bb rt_bg_size=\u00bbcover\u00bb rt_bg_position=\u00bbright top\u00bb rt_bg_attachment=\u00bbscroll\u00bb rt_bg_video_format=\u00bbself-hosted\u00bb rt_padding_top=\u00bb75&#8243; css=\u00bb.vc_custom_1698182457551{padding-top: 70px !important;padding-bottom: 70px !important;}\u00bb][vc_column rt_wrp_col_paddings=\u00bbfalse\u00bb rt_border_top=\u00bb\u00bb rt_border_bottom=\u00bb\u00bb rt_border_left=\u00bb\u00bb rt_border_right=\u00bb\u00bb rt_border_top_mobile=\u00bb\u00bb rt_border_bottom_mobile=\u00bb\u00bb rt_border_left_mobile=\u00bb\u00bb rt_border_right_mobile=\u00bb\u00bb rt_bg_image_repeat=\u00bbrepeat\u00bb rt_bg_size=\u00bbauto auto\u00bb rt_bg_position=\u00bbright top\u00bb rt_bg_attachment=\u00bbscroll\u00bb][vc_column_text]<\/p>\n<p style=\"text-align: center;\">Mejora tus habilidades y ad\u00e9ntrate en el polifac\u00e9tico mundo de la gesti\u00f3n digital del flujo de trabajo. Descubre c\u00f3mo transformar las instrucciones de trabajo, listas de comprobaci\u00f3n y PNT tradicionales en gu\u00edas digitalizadas interactivas.<\/p>\n<p>[\/vc_column_text][\/vc_column][\/vc_row][vc_row kd_background_image_position=\u00bbvc_row-bg-position-top\u00bb rt_row_background_width=\u00bbdefault\u00bb rt_row_style=\u00bbdefault-style\u00bb rt_column_placement=\u00bbmiddle\u00bb rt_row_borders=\u00bb\u00bb rt_row_paddings=\u00bbtrue\u00bb rt_bg_effect=\u00bbclassic\u00bb rt_bg_image_repeat=\u00bbrepeat\u00bb rt_bg_size=\u00bbcover\u00bb rt_bg_position=\u00bbright top\u00bb rt_bg_attachment=\u00bbscroll\u00bb rt_bg_video_format=\u00bbself-hosted\u00bb rt_padding_top=\u00bb75&#8243;][vc_column width=\u00bb1\/2&#8243; rt_wrp_col_paddings=\u00bbfalse\u00bb rt_border_top=\u00bb\u00bb rt_border_bottom=\u00bb\u00bb rt_border_left=\u00bb\u00bb rt_border_right=\u00bb\u00bb rt_border_top_mobile=\u00bb\u00bb rt_border_bottom_mobile=\u00bb\u00bb rt_border_left_mobile=\u00bb\u00bb rt_border_right_mobile=\u00bb\u00bb rt_bg_image_repeat=\u00bbrepeat\u00bb rt_bg_size=\u00bbauto auto\u00bb rt_bg_position=\u00bbright top\u00bb rt_bg_attachment=\u00bbscroll\u00bb][vc_column_text]<\/p>\n<h3>En esta gu\u00eda, ganar\u00e1s<\/h3>\n<ul>\n<li>Una comprensi\u00f3n m\u00e1s profunda de los tipos de flujos de trabajo que pueden gestionarse eficazmente.<\/li>\n<li>Consejos pr\u00e1cticos sobre c\u00f3mo superar los mayores retos de los flujos de trabajo tradicionales.<\/li>\n<li>Conocimientos sobre los requisitos esenciales para una ejecuci\u00f3n fluida de los flujos de trabajo digitales.<\/li>\n<li>Perspectivas sobre los sectores que est\u00e1n a punto de beneficiarse de este enfoque transformador.<\/li>\n<li>\u00bfListo para conquistar la eficiencia como nunca antes?<\/li>\n<\/ul>\n<p>[\/vc_column_text][\/vc_column][vc_column width=\u00bb1\/2&#8243; rt_wrp_col_paddings=\u00bbfalse\u00bb rt_border_top=\u00bb\u00bb rt_border_bottom=\u00bb\u00bb rt_border_left=\u00bb\u00bb rt_border_right=\u00bb\u00bb rt_border_top_mobile=\u00bb\u00bb rt_border_bottom_mobile=\u00bb\u00bb rt_border_left_mobile=\u00bb\u00bb rt_border_right_mobile=\u00bb\u00bb rt_bg_image_repeat=\u00bbrepeat\u00bb rt_bg_size=\u00bbauto auto\u00bb rt_bg_position=\u00bbright top\u00bb rt_bg_attachment=\u00bbscroll\u00bb][vc_column_text]<img loading=\"lazy\" decoding=\"async\" class=\"wp-image-60907 aligncenter\" src=\"https:\/\/www.amaxperteye.com\/wp-content\/uploads\/2023\/09\/Image2-300x250.jpg\" alt=\"\" width=\"460\" height=\"383\" srcset=\"https:\/\/www.amaxperteye.com\/wp-content\/uploads\/2023\/09\/Image2-300x250.jpg 300w, https:\/\/www.amaxperteye.com\/wp-content\/uploads\/2023\/09\/Image2-768x640.jpg 768w, https:\/\/www.amaxperteye.com\/wp-content\/uploads\/2023\/09\/Image2.jpg 1000w\" sizes=\"auto, (max-width: 460px) 100vw, 460px\" \/>[\/vc_column_text][\/vc_column][\/vc_row][vc_row kd_background_image_position=\u00bbvc_row-bg-position-top\u00bb rt_row_background_width=\u00bbdefault\u00bb rt_row_style=\u00bbdefault-style\u00bb rt_row_borders=\u00bb\u00bb rt_row_paddings=\u00bbtrue\u00bb id=\u00bbdemo\u00bb rt_bg_effect=\u00bbclassic\u00bb rt_bg_image_repeat=\u00bbrepeat\u00bb rt_bg_size=\u00bbcover\u00bb rt_bg_position=\u00bbright top\u00bb rt_bg_attachment=\u00bbscroll\u00bb rt_bg_video_format=\u00bbself-hosted\u00bb rt_padding_top=\u00bb50&#8243;][vc_column rt_wrp_col_paddings=\u00bbfalse\u00bb rt_border_top=\u00bb\u00bb rt_border_bottom=\u00bb\u00bb rt_border_left=\u00bb\u00bb rt_border_right=\u00bb\u00bb rt_border_top_mobile=\u00bb\u00bb rt_border_bottom_mobile=\u00bb\u00bb rt_border_left_mobile=\u00bb\u00bb rt_border_right_mobile=\u00bb\u00bb rt_bg_image_repeat=\u00bbrepeat\u00bb rt_bg_size=\u00bbauto auto\u00bb rt_bg_position=\u00bbright top\u00bb rt_bg_attachment=\u00bbscroll\u00bb][vc_column_text]<img loading=\"lazy\" decoding=\"async\" class=\"aligncenter wp-image-60934 size-large\" src=\"https:\/\/www.amaxperteye.com\/wp-content\/uploads\/2023\/09\/ClientsProceed-1024x70.jpg\" alt=\"\" width=\"1024\" height=\"70\" srcset=\"https:\/\/www.amaxperteye.com\/wp-content\/uploads\/2023\/09\/ClientsProceed-1024x70.jpg 1024w, https:\/\/www.amaxperteye.com\/wp-content\/uploads\/2023\/09\/ClientsProceed-300x20.jpg 300w, https:\/\/www.amaxperteye.com\/wp-content\/uploads\/2023\/09\/ClientsProceed-768x52.jpg 768w, https:\/\/www.amaxperteye.com\/wp-content\/uploads\/2023\/09\/ClientsProceed-1536x105.jpg 1536w, https:\/\/www.amaxperteye.com\/wp-content\/uploads\/2023\/09\/ClientsProceed-2048x140.jpg 2048w\" sizes=\"auto, (max-width: 1024px) 100vw, 1024px\" \/>[\/vc_column_text][\/vc_column][\/vc_row][vc_row kd_background_image_position=\u00bbvc_row-bg-position-top\u00bb rt_row_background_width=\u00bbdefault\u00bb rt_row_style=\u00bbdefault-style\u00bb rt_row_borders=\u00bb\u00bb rt_row_paddings=\u00bbtrue\u00bb rt_bg_effect=\u00bbclassic\u00bb rt_bg_image_repeat=\u00bbrepeat\u00bb rt_bg_size=\u00bbcover\u00bb rt_bg_position=\u00bbright top\u00bb rt_bg_attachment=\u00bbscroll\u00bb rt_bg_video_format=\u00bbself-hosted\u00bb rt_padding_top=\u00bb30px\u00bb rt_padding_bottom=\u00bb50px\u00bb css=\u00bb.vc_custom_1698182527544{padding-top: 70px !important;padding-bottom: 50px !important;}\u00bb][vc_column width=\u00bb1\/4&#8243; rt_wrp_col_paddings=\u00bbfalse\u00bb rt_border_top=\u00bb\u00bb rt_border_bottom=\u00bb\u00bb rt_border_left=\u00bb\u00bb rt_border_right=\u00bb\u00bb rt_border_top_mobile=\u00bb\u00bb rt_border_bottom_mobile=\u00bb\u00bb rt_border_left_mobile=\u00bb\u00bb rt_border_right_mobile=\u00bb\u00bb rt_bg_image_repeat=\u00bbrepeat\u00bb rt_bg_size=\u00bbauto auto\u00bb rt_bg_position=\u00bbright top\u00bb rt_bg_attachment=\u00bbscroll\u00bb][\/vc_column][vc_column width=\u00bb1\/2&#8243; css=\u00bb.vc_custom_1697617096936{padding-top: 20px !important;padding-right: 10px !important;padding-bottom: 20px !important;background-color: #f7f7f7 !important;border-radius: 20px !important;}\u00bb][vc_row_inner kd_background_image_position=\u00bbvc_row-bg-position-top\u00bb][vc_column_inner][vc_column_text css=\u00bb.vc_custom_1697616763757{margin-bottom: -10px !important;}\u00bb]<img loading=\"lazy\" decoding=\"async\" class=\"alignnone wp-image-26915\" src=\"https:\/\/www.amaxperteye.com\/wp-content\/uploads\/2023\/10\/Guillemets-Quotation.png\" alt=\"\" width=\"49\" height=\"49\" \/>[\/vc_column_text][\/vc_column_inner][\/vc_row_inner][vc_row_inner kd_background_image_position=\u00bbvc_row-bg-position-top\u00bb css=\u00bb.vc_custom_1697616788827{margin-left: 60px !important;border-left-width: 1px !important;border-left-color: #000000 !important;border-left-style: solid !important;}\u00bb css_mobile=\u00bb.vc_custom_1697616788828{margin-left: 5px !important;}\u00bb][vc_column_inner][vc_column_text]<\/p>\n<p style=\"font-size: 20px; text-align: center;\"><em><span style=\"color: #05c3de;\">Adoptar la gesti\u00f3n digital del flujo de trabajo no es s\u00f3lo una actualizaci\u00f3n; es un viaje transformador hacia la excelencia operativa y mantenerse a la cabeza en el panorama empresarial actual, tan r\u00e1pido y competitivo.<\/span><\/em><\/p>\n<p style=\"text-align: center; font-size: 15px;\"><span style=\"color: #;\"><strong>Peter Verstraeten, <\/strong><\/span><br \/>\n<span style=\"color: #; font-size: 12px;\">director general de Proceedix<\/span><\/p>\n<p>[\/vc_column_text][\/vc_column_inner][\/vc_row_inner][\/vc_column][vc_column width=\u00bb1\/4&#8243;][\/vc_column][\/vc_row][vc_row kd_background_image_position=\u00bbvc_row-bg-position-top\u00bb rt_row_background_width=\u00bbdefault\u00bb rt_row_style=\u00bbdefault-style\u00bb rt_row_borders=\u00bb\u00bb rt_row_paddings=\u00bbtrue\u00bb rt_bg_effect=\u00bbclassic\u00bb rt_bg_image_repeat=\u00bbrepeat\u00bb rt_bg_size=\u00bbcover\u00bb rt_bg_position=\u00bbright top\u00bb rt_bg_attachment=\u00bbscroll\u00bb rt_bg_video_format=\u00bbself-hosted\u00bb][vc_column rt_wrp_col_paddings=\u00bbfalse\u00bb rt_border_top=\u00bb\u00bb rt_border_bottom=\u00bb\u00bb rt_border_left=\u00bb\u00bb rt_border_right=\u00bb\u00bb rt_border_top_mobile=\u00bb\u00bb rt_border_bottom_mobile=\u00bb\u00bb rt_border_left_mobile=\u00bb\u00bb rt_border_right_mobile=\u00bb\u00bb rt_bg_image_repeat=\u00bbrepeat\u00bb rt_bg_size=\u00bbauto auto\u00bb rt_bg_position=\u00bbright top\u00bb rt_bg_attachment=\u00bbscroll\u00bb][vc_empty_space height=\u00bb65px\u00bb][\/vc_column][\/vc_row]<\/p>\n<\/div>","protected":false},"excerpt":{"rendered":"<p>[vc_row full_width=\u00bbstretch_row\u00bb kd_background_image_position=\u00bbvc_row-bg-position-top\u00bb kd_background_overlay=\u00bbtrue\u00bb rt_row_background_width=\u00bbfullwidth\u00bb rt_row_content_width=\u00bbfullwidth\u00bb rt_row_style=\u00bbdefault-style\u00bb rt_column_placement=\u00bbmiddle\u00bb rt_row_borders=\u00bb\u00bb rt_equal_heights=\u00bbtrue\u00bb rt_row_paddings=\u00bbtrue\u00bb id=\u00bbbanner-rvi\u00bb rt_bg_image=\u00bb60908&#8243; rt_bg_effect=\u00bbclassic\u00bb rt_bg_image_repeat=\u00bbno-repeat\u00bb rt_bg_size=\u00bbcover\u00bb rt_bg_position=\u00bbleft center\u00bb rt_bg_attachment=\u00bbscroll\u00bb rt_bg_video_format=\u00bbself-hosted\u00bb [&hellip;]<\/p>\n","protected":false},"author":1,"featured_media":0,"parent":0,"menu_order":0,"comment_status":"closed","ping_status":"closed","template":"","meta":{"content-type":"","inline_featured_image":false,"footnotes":"","_links_to":"","_links_to_target":""},"folder":[608],"class_list":["post-61029","page","type-page","status-publish","hentry"],"yoast_head":"<!-- This site is optimized with the Yoast SEO plugin v27.5 - https:\/\/yoast.com\/product\/yoast-seo-wordpress\/ -->\n<title>La gu\u00eda definitiva para gesti\u00f3n del flujo de trabajo digital - AMA XpertEye<\/title>\n<meta name=\"robots\" content=\"index, follow, max-snippet:-1, max-image-preview:large, max-video-preview:-1\" \/>\n<link rel=\"canonical\" href=\"https:\/\/www.amaxperteye.com\/es\/la-guia-definitiva-para-gestion-del-flujo-de-trabajo-digital\/\" \/>\n<meta property=\"og:locale\" content=\"es_ES\" \/>\n<meta property=\"og:type\" content=\"article\" \/>\n<meta property=\"og:title\" content=\"La gu\u00eda definitiva para gesti\u00f3n del flujo de trabajo digital - AMA XpertEye\" \/>\n<meta property=\"og:description\" content=\"[vc_row full_width=\u00bbstretch_row\u00bb kd_background_image_position=\u00bbvc_row-bg-position-top\u00bb kd_background_overlay=\u00bbtrue\u00bb rt_row_background_width=\u00bbfullwidth\u00bb rt_row_content_width=\u00bbfullwidth\u00bb rt_row_style=\u00bbdefault-style\u00bb rt_column_placement=\u00bbmiddle\u00bb rt_row_borders=\u00bb\u00bb rt_equal_heights=\u00bbtrue\u00bb rt_row_paddings=\u00bbtrue\u00bb id=\u00bbbanner-rvi\u00bb rt_bg_image=\u00bb60908&#8243; rt_bg_effect=\u00bbclassic\u00bb rt_bg_image_repeat=\u00bbno-repeat\u00bb rt_bg_size=\u00bbcover\u00bb rt_bg_position=\u00bbleft center\u00bb rt_bg_attachment=\u00bbscroll\u00bb rt_bg_video_format=\u00bbself-hosted\u00bb [&hellip;]\" \/>\n<meta property=\"og:url\" content=\"https:\/\/www.amaxperteye.com\/es\/la-guia-definitiva-para-gestion-del-flujo-de-trabajo-digital\/\" \/>\n<meta property=\"og:site_name\" content=\"AMA XpertEye\" \/>\n<meta property=\"article:publisher\" content=\"https:\/\/www.facebook.com\/AMAXpertEyeGroup\/\" \/>\n<meta property=\"article:modified_time\" content=\"2023-10-26T06:33:45+00:00\" \/>\n<meta property=\"og:image\" content=\"https:\/\/www.amaxperteye.com\/wp-content\/uploads\/2023\/09\/Download_WhitePaper-Proceed-2-300x237.png\" \/>\n<meta name=\"twitter:card\" content=\"summary_large_image\" \/>\n<meta name=\"twitter:site\" content=\"@AMA_XPERTEYE\" \/>\n<meta name=\"twitter:label1\" content=\"Tiempo de lectura\" \/>\n\t<meta name=\"twitter:data1\" content=\"4 minutos\" \/>\n<script type=\"application\/ld+json\" class=\"yoast-schema-graph\">{\"@context\":\"https:\\\/\\\/schema.org\",\"@graph\":[{\"@type\":\"WebPage\",\"@id\":\"https:\\\/\\\/www.amaxperteye.com\\\/es\\\/la-guia-definitiva-para-gestion-del-flujo-de-trabajo-digital\\\/\",\"url\":\"https:\\\/\\\/www.amaxperteye.com\\\/es\\\/la-guia-definitiva-para-gestion-del-flujo-de-trabajo-digital\\\/\",\"name\":\"La gu\u00eda definitiva para gesti\u00f3n del flujo de trabajo digital - AMA XpertEye\",\"isPartOf\":{\"@id\":\"https:\\\/\\\/www.amaxperteye.com\\\/es\\\/#website\"},\"primaryImageOfPage\":{\"@id\":\"https:\\\/\\\/www.amaxperteye.com\\\/es\\\/la-guia-definitiva-para-gestion-del-flujo-de-trabajo-digital\\\/#primaryimage\"},\"image\":{\"@id\":\"https:\\\/\\\/www.amaxperteye.com\\\/es\\\/la-guia-definitiva-para-gestion-del-flujo-de-trabajo-digital\\\/#primaryimage\"},\"thumbnailUrl\":\"https:\\\/\\\/www.amaxperteye.com\\\/wp-content\\\/uploads\\\/2023\\\/09\\\/Download_WhitePaper-Proceed-2-300x237.png\",\"datePublished\":\"2023-10-10T06:34:10+00:00\",\"dateModified\":\"2023-10-26T06:33:45+00:00\",\"breadcrumb\":{\"@id\":\"https:\\\/\\\/www.amaxperteye.com\\\/es\\\/la-guia-definitiva-para-gestion-del-flujo-de-trabajo-digital\\\/#breadcrumb\"},\"inLanguage\":\"es\",\"potentialAction\":[{\"@type\":\"ReadAction\",\"target\":[\"https:\\\/\\\/www.amaxperteye.com\\\/es\\\/la-guia-definitiva-para-gestion-del-flujo-de-trabajo-digital\\\/\"]}]},{\"@type\":\"ImageObject\",\"inLanguage\":\"es\",\"@id\":\"https:\\\/\\\/www.amaxperteye.com\\\/es\\\/la-guia-definitiva-para-gestion-del-flujo-de-trabajo-digital\\\/#primaryimage\",\"url\":\"https:\\\/\\\/www.amaxperteye.com\\\/wp-content\\\/uploads\\\/2023\\\/09\\\/Download_WhitePaper-Proceed-2-300x237.png\",\"contentUrl\":\"https:\\\/\\\/www.amaxperteye.com\\\/wp-content\\\/uploads\\\/2023\\\/09\\\/Download_WhitePaper-Proceed-2-300x237.png\"},{\"@type\":\"BreadcrumbList\",\"@id\":\"https:\\\/\\\/www.amaxperteye.com\\\/es\\\/la-guia-definitiva-para-gestion-del-flujo-de-trabajo-digital\\\/#breadcrumb\",\"itemListElement\":[{\"@type\":\"ListItem\",\"position\":1,\"name\":\"Accueil\",\"item\":\"https:\\\/\\\/www.amaxperteye.com\\\/es\\\/\"},{\"@type\":\"ListItem\",\"position\":2,\"name\":\"La gu\u00eda definitiva para gesti\u00f3n del flujo de trabajo digital\"}]},{\"@type\":\"WebSite\",\"@id\":\"https:\\\/\\\/www.amaxperteye.com\\\/es\\\/#website\",\"url\":\"https:\\\/\\\/www.amaxperteye.com\\\/es\\\/\",\"name\":\"AMA XpertEye\",\"description\":\"Digital Accelerator\",\"potentialAction\":[{\"@type\":\"SearchAction\",\"target\":{\"@type\":\"EntryPoint\",\"urlTemplate\":\"https:\\\/\\\/www.amaxperteye.com\\\/es\\\/?s={search_term_string}\"},\"query-input\":{\"@type\":\"PropertyValueSpecification\",\"valueRequired\":true,\"valueName\":\"search_term_string\"}}],\"inLanguage\":\"es\"}]}<\/script>\n<!-- \/ Yoast SEO plugin. -->","yoast_head_json":{"title":"La gu\u00eda definitiva para gesti\u00f3n del flujo de trabajo digital - AMA XpertEye","robots":{"index":"index","follow":"follow","max-snippet":"max-snippet:-1","max-image-preview":"max-image-preview:large","max-video-preview":"max-video-preview:-1"},"canonical":"https:\/\/www.amaxperteye.com\/es\/la-guia-definitiva-para-gestion-del-flujo-de-trabajo-digital\/","og_locale":"es_ES","og_type":"article","og_title":"La gu\u00eda definitiva para gesti\u00f3n del flujo de trabajo digital - AMA XpertEye","og_description":"[vc_row full_width=\u00bbstretch_row\u00bb kd_background_image_position=\u00bbvc_row-bg-position-top\u00bb kd_background_overlay=\u00bbtrue\u00bb rt_row_background_width=\u00bbfullwidth\u00bb rt_row_content_width=\u00bbfullwidth\u00bb rt_row_style=\u00bbdefault-style\u00bb rt_column_placement=\u00bbmiddle\u00bb rt_row_borders=\u00bb\u00bb rt_equal_heights=\u00bbtrue\u00bb rt_row_paddings=\u00bbtrue\u00bb id=\u00bbbanner-rvi\u00bb rt_bg_image=\u00bb60908&#8243; rt_bg_effect=\u00bbclassic\u00bb rt_bg_image_repeat=\u00bbno-repeat\u00bb rt_bg_size=\u00bbcover\u00bb rt_bg_position=\u00bbleft center\u00bb rt_bg_attachment=\u00bbscroll\u00bb rt_bg_video_format=\u00bbself-hosted\u00bb [&hellip;]","og_url":"https:\/\/www.amaxperteye.com\/es\/la-guia-definitiva-para-gestion-del-flujo-de-trabajo-digital\/","og_site_name":"AMA XpertEye","article_publisher":"https:\/\/www.facebook.com\/AMAXpertEyeGroup\/","article_modified_time":"2023-10-26T06:33:45+00:00","og_image":[{"url":"https:\/\/www.amaxperteye.com\/wp-content\/uploads\/2023\/09\/Download_WhitePaper-Proceed-2-300x237.png","type":"","width":"","height":""}],"twitter_card":"summary_large_image","twitter_site":"@AMA_XPERTEYE","twitter_misc":{"Tiempo de lectura":"4 minutos"},"schema":{"@context":"https:\/\/schema.org","@graph":[{"@type":"WebPage","@id":"https:\/\/www.amaxperteye.com\/es\/la-guia-definitiva-para-gestion-del-flujo-de-trabajo-digital\/","url":"https:\/\/www.amaxperteye.com\/es\/la-guia-definitiva-para-gestion-del-flujo-de-trabajo-digital\/","name":"La gu\u00eda definitiva para gesti\u00f3n del flujo de trabajo digital - AMA XpertEye","isPartOf":{"@id":"https:\/\/www.amaxperteye.com\/es\/#website"},"primaryImageOfPage":{"@id":"https:\/\/www.amaxperteye.com\/es\/la-guia-definitiva-para-gestion-del-flujo-de-trabajo-digital\/#primaryimage"},"image":{"@id":"https:\/\/www.amaxperteye.com\/es\/la-guia-definitiva-para-gestion-del-flujo-de-trabajo-digital\/#primaryimage"},"thumbnailUrl":"https:\/\/www.amaxperteye.com\/wp-content\/uploads\/2023\/09\/Download_WhitePaper-Proceed-2-300x237.png","datePublished":"2023-10-10T06:34:10+00:00","dateModified":"2023-10-26T06:33:45+00:00","breadcrumb":{"@id":"https:\/\/www.amaxperteye.com\/es\/la-guia-definitiva-para-gestion-del-flujo-de-trabajo-digital\/#breadcrumb"},"inLanguage":"es","potentialAction":[{"@type":"ReadAction","target":["https:\/\/www.amaxperteye.com\/es\/la-guia-definitiva-para-gestion-del-flujo-de-trabajo-digital\/"]}]},{"@type":"ImageObject","inLanguage":"es","@id":"https:\/\/www.amaxperteye.com\/es\/la-guia-definitiva-para-gestion-del-flujo-de-trabajo-digital\/#primaryimage","url":"https:\/\/www.amaxperteye.com\/wp-content\/uploads\/2023\/09\/Download_WhitePaper-Proceed-2-300x237.png","contentUrl":"https:\/\/www.amaxperteye.com\/wp-content\/uploads\/2023\/09\/Download_WhitePaper-Proceed-2-300x237.png"},{"@type":"BreadcrumbList","@id":"https:\/\/www.amaxperteye.com\/es\/la-guia-definitiva-para-gestion-del-flujo-de-trabajo-digital\/#breadcrumb","itemListElement":[{"@type":"ListItem","position":1,"name":"Accueil","item":"https:\/\/www.amaxperteye.com\/es\/"},{"@type":"ListItem","position":2,"name":"La gu\u00eda definitiva para gesti\u00f3n del flujo de trabajo digital"}]},{"@type":"WebSite","@id":"https:\/\/www.amaxperteye.com\/es\/#website","url":"https:\/\/www.amaxperteye.com\/es\/","name":"AMA XpertEye","description":"Digital Accelerator","potentialAction":[{"@type":"SearchAction","target":{"@type":"EntryPoint","urlTemplate":"https:\/\/www.amaxperteye.com\/es\/?s={search_term_string}"},"query-input":{"@type":"PropertyValueSpecification","valueRequired":true,"valueName":"search_term_string"}}],"inLanguage":"es"}]}},"_links":{"self":[{"href":"https:\/\/www.amaxperteye.com\/es\/wp-json\/wp\/v2\/pages\/61029","targetHints":{"allow":["GET"]}}],"collection":[{"href":"https:\/\/www.amaxperteye.com\/es\/wp-json\/wp\/v2\/pages"}],"about":[{"href":"https:\/\/www.amaxperteye.com\/es\/wp-json\/wp\/v2\/types\/page"}],"author":[{"embeddable":true,"href":"https:\/\/www.amaxperteye.com\/es\/wp-json\/wp\/v2\/users\/1"}],"replies":[{"embeddable":true,"href":"https:\/\/www.amaxperteye.com\/es\/wp-json\/wp\/v2\/comments?post=61029"}],"version-history":[{"count":9,"href":"https:\/\/www.amaxperteye.com\/es\/wp-json\/wp\/v2\/pages\/61029\/revisions"}],"predecessor-version":[{"id":63856,"href":"https:\/\/www.amaxperteye.com\/es\/wp-json\/wp\/v2\/pages\/61029\/revisions\/63856"}],"wp:attachment":[{"href":"https:\/\/www.amaxperteye.com\/es\/wp-json\/wp\/v2\/media?parent=61029"}],"wp:term":[{"taxonomy":"folder","embeddable":true,"href":"https:\/\/www.amaxperteye.com\/es\/wp-json\/wp\/v2\/folder?post=61029"}],"curies":[{"name":"wp","href":"https:\/\/api.w.org\/{rel}","templated":true}]}}