{"id":67903,"date":"2024-12-10T16:04:59","date_gmt":"2024-12-10T15:04:59","guid":{"rendered":"https:\/\/www.amaxperteye.com\/?page_id=67903"},"modified":"2025-11-03T14:55:09","modified_gmt":"2025-11-03T13:55:09","slug":"live-uebersetzung","status":"publish","type":"page","link":"https:\/\/www.amaxperteye.com\/de\/live-uebersetzung\/","title":{"rendered":"Live-\u00dcbersetzung"},"content":{"rendered":"<div class=\"wpb-content-wrapper\"><p>[vc_row full_width=&#8220;stretch_row&#8220; content_placement=&#8220;middle&#8220; kd_background_image_position=&#8220;vc_row-bg-position-top&#8220; css=&#8220;.vc_custom_1732527230540{padding-top: 200px !important;padding-bottom: 100px !important;background-color: #ffffff !important;background-position: 0 0 !important;background-repeat: no-repeat !important;}&#8220; css_tablet_landscape=&#8220;.vc_custom_1732527230541{margin-top: 0px !important;}&#8220; css_tablet_portrait=&#8220;.vc_custom_1732527230541{margin-top: 0px !important;}&#8220; css_mobile=&#8220;.vc_custom_1732527230541{margin-top: 0px !important;}&#8220;][vc_column offset=&#8220;vc_col-lg-6 vc_col-md-12&#8243;]<header class=\"kd-section-title col-lg-12 text-left  subtitle-below-title kd-animated fadeIn  \" data-animation-delay=200><h1 class=\"separator_off\" style=\"font-size: 58px;line-height: 70px;margin-bottom:35px;\">Live-\u00dcbersetzung<\/h1><h6 class=\"subtitle\" >Mehrsprachige Kommunikation durch<br \/>\nUmwandlung von Sprache in Text und umgekehrt<\/h6><\/header><a  href=\"https:\/\/www.amaxperteye.com\/de\/xperteye-kostenlos-testen\/\"  target=\"_self\"  title=\"\"  class=\"tt_button tt_primary_button btn_primary_color  btn-align-left button-action-link icon_right  kd-animated zoomIn\" data-animation-delay=200><span class=\"prim_text\">Jetzt testen<\/span><span class=\"fas fa-chevron-right iconita\" ><\/span><\/a>[vc_empty_space height=&#8220;70px&#8220;][\/vc_column][vc_column width=&#8220;1\/2&#8243; offset=&#8220;vc_col-lg-6 vc_col-md-12&#8243;][vc_single_image image=&#8220;69186&#8243; img_size=&#8220;full&#8220; style=&#8220;vc_box_rounded&#8220; css=&#8220;.vc_custom_1733147445197{border-radius: 30px !important;}&#8220;][\/vc_column][\/vc_row][vc_row kd_background_image_position=&#8220;vc_row-bg-position-top&#8220;][vc_column][vc_column_text css=&#8220;&#8220;]<\/p>\n<h2 style=\"text-align: center;\">Grenzenlose Kommunikation<\/h2>\n<p style=\"text-align: center;\">Die Live-\u00dcbersetzungsfunktion von XpertEye hilft Ihnen, mit Menschen weltweit in Kontakt zu treten und zusammenzuarbeiten, indem sie Sprachbarrieren mit \u00dcbersetzungen in Echtzeit \u00fcberwindet.<\/p>\n<p>[\/vc_column_text][vc_row_inner content_placement=&#8220;middle&#8220; kd_background_image_position=&#8220;vc_row-bg-position-top&#8220; css=&#8220;.vc_custom_1732031904155{padding-top: 100px !important;padding-bottom: 100px !important;}&#8220;][vc_column_inner width=&#8220;1\/2&#8243;][vc_single_image image=&#8220;69187&#8243; img_size=&#8220;full&#8220; style=&#8220;vc_box_shadow&#8220; css=&#8220;.vc_custom_1733156330942{border-radius: 10px !important;}&#8220;][\/vc_column_inner][vc_column_inner width=&#8220;1\/2&#8243;][vc_column_text css=&#8220;&#8220;]<\/p>\n<h2>\u00dcberwinden Sie Sprachbarrieren,<\/h2>\n<p>um nahtlos mit internationalen Teams und Kunden in Kontakt zu treten, und f\u00f6rdern Sie so reibungslosere Interaktionen und gegenseitiges Verst\u00e4ndnis.<\/p>\n<p>Kommunikation sollte niemals eine Einschr\u00e4nkung sein. Mit unserer fortschrittlichen Live-\u00dcbersetzungsfunktion k\u00f6nnen XpertEye-Anrufe nahtlos in Ihre bevorzugte Sprache \u00fcbersetzt werden \u2013 entweder als Untertitel (Speech-to-Text) oder als gesprochenes Wort (Speech-to-Speech).<\/p>\n<ul>\n<li><strong>M\u00fchelos verstehen und verstanden werden:<\/strong> Sprechen Sie ganz nat\u00fcrlich in Ihrer Sprache und \u00fcberlassen Sie unserer KI den Rest.<\/li>\n<li><strong>Sprach\u00fcbersetzung in Echtzeit:<\/strong> H\u00f6ren Sie die Worte Ihres Gespr\u00e4chspartners ohne Verz\u00f6gerung in der von Ihnen gew\u00e4hlten Sprache.<\/li>\n<li><strong>Untertitel f\u00fcr mehr Klarheit:<\/strong> Lassen Sie \u00fcbersetzte Untertitel auf dem Bildschirm anzeigen, um die Genauigkeit und Zug\u00e4nglichkeit zu erh\u00f6hen.<\/li>\n<\/ul>\n<p>[\/vc_column_text][\/vc_column_inner][\/vc_row_inner][vc_row_inner content_placement=&#8220;middle&#8220; kd_background_image_position=&#8220;vc_row-bg-position-top&#8220; css=&#8220;.vc_custom_1732031880249{padding-top: 100px !important;padding-bottom: 100px !important;}&#8220;][vc_column_inner width=&#8220;1\/2&#8243;][vc_column_text css=&#8220;&#8220;]<\/p>\n<h2>Echtzeit-Sprachunterst\u00fctzung f\u00fcr Ihre Mitarbeiter<\/h2>\n<p>Die Live-\u00dcbersetzungsfunktion von XpertEye wurde speziell zur Unterst\u00fctzung von mobilen Technikern und Au\u00dfendienstmitarbeitern entwickelt, die mit Kunden, Kollegen oder Experten aus verschiedenen Teilen der Welt interagieren.<\/p>\n<p>Mit Audio- und Text\u00fcbersetzungen in Echtzeit werden wichtige Informationen klar und deutlich ausgetauscht, was die Produktivit\u00e4t steigert, Missverst\u00e4ndnisse reduziert und die Reaktionszeiten in komplexen Situationen verk\u00fcrzt.[\/vc_column_text][\/vc_column_inner][vc_column_inner width=&#8220;1\/2&#8243;][vc_single_image image=&#8220;69188&#8243; img_size=&#8220;full&#8220; style=&#8220;vc_box_shadow&#8220; css=&#8220;.vc_custom_1733149277784{border-radius: 10px !important;}&#8220;][\/vc_column_inner][\/vc_row_inner][\/vc_column][\/vc_row][vc_row full_width=&#8220;stretch_row&#8220; kd_background_image_position=&#8220;vc_row-bg-position-top&#8220; css=&#8220;.vc_custom_1732874740214{padding-top: 100px !important;padding-bottom: 400px !important;}&#8220; el_class=&#8220;cta-ai&#8220;][vc_column]<header class=\"kd-section-title col-lg-12 text-center  subtitle-below-title kd-animated fadeIn   vc_custom_1733842755643\" data-animation-delay=200><h2 class=\"separator_off\" style=\"color: #FFFFFF;\">Vorteile der Live-\u00dcbersetzung<\/h2><\/header>[vc_row_inner kd_background_image_position=&#8220;vc_row-bg-position-top&#8220;][vc_column_inner width=&#8220;1\/4&#8243; css_tablet_portrait=&#8220;.vc_custom_1598606089104{padding-right: 5px !important;padding-left: 5px !important;}&#8220;]<div class=\"key-icon-box icon-default icon-top cont-center ib-hover-1    with-border icon-no-background icon-no-border kd-animated fadeInUp\" style=\"background-color: transparent;border: 1px solid #FFFFFF;\" ><div class=\"ib-wrapper\" style=\"padding-top:40px;padding-bottom:40px;padding-left:30px;padding-right:30px;\"><div class=\"ib-simple-icon-wrapper\" style=\"margin-bottom:25px;\"><div class=\"tt-iconbox-customimg\"><img decoding=\"async\" src=\"https:\/\/www.amaxperteye.com\/wp-content\/uploads\/2024\/12\/LT-Globe-xe.png\" alt=\"\" \/><\/div><\/div><h4 class=\"service-heading\" style=\"color: #FFFFFF;\">M\u00fchelose globale Kommunikation<\/h4><p style=\"color:#FFFFFF;\">\u00dcberwinden Sie Sprachbarrieren, um nahtlos mit verschiedenen Teams und Kunden weltweit in Kontakt zu treten, und f\u00f6rdern Sie so reibungslosere Interaktionen und gegenseitiges Verst\u00e4ndnis.<\/p><\/div><\/div>[\/vc_column_inner][vc_column_inner width=&#8220;1\/4&#8243; css_tablet_portrait=&#8220;.vc_custom_1598606093434{padding-right: 5px !important;padding-left: 5px !important;}&#8220;]<div class=\"key-icon-box icon-default icon-top cont-center ib-hover-1    with-border icon-no-background icon-no-border kd-animated fadeInUp\" style=\"background-color: transparent;border: 1px solid #FFFFFF;\" ><div class=\"ib-wrapper\" style=\"padding-top:40px;padding-bottom:40px;padding-left:30px;padding-right:30px;\"><div class=\"ib-simple-icon-wrapper\" style=\"margin-bottom:25px;\"><div class=\"tt-iconbox-customimg\"><img decoding=\"async\" src=\"https:\/\/www.amaxperteye.com\/wp-content\/uploads\/2024\/12\/LT-Natural-conversation-xe.png\" alt=\"\" \/><\/div><\/div><h4 class=\"service-heading\" style=\"color: #FFFFFF;\">Nat\u00fcrliche und fl\u00fcssige Gespr\u00e4che<\/h4><p style=\"color:#FFFFFF;\">Die Sprach-zu-Sprache-\u00dcbersetzung bildet den nat\u00fcrlichen Dialogfluss nach und erm\u00f6glicht so ansprechende und authentische Interaktionen, auch \u00fcber Sprachgrenzen hinweg.<\/p><\/div><\/div>[\/vc_column_inner][vc_column_inner width=&#8220;1\/4&#8243; css_tablet_portrait=&#8220;.vc_custom_1732633292576{padding-right: 5px !important;padding-left: 5px !important;}&#8220;]<div class=\"key-icon-box icon-default icon-top cont-center ib-hover-1    with-border icon-no-background icon-no-border kd-animated fadeInUp\" style=\"background-color: transparent;border: 1px solid #FFFFFF;\" ><div class=\"ib-wrapper\" style=\"padding-top:40px;padding-bottom:40px;padding-left:30px;padding-right:30px;\"><div class=\"ib-simple-icon-wrapper\" style=\"margin-bottom:25px;\"><div class=\"tt-iconbox-customimg\"><img decoding=\"async\" src=\"https:\/\/www.amaxperteye.com\/wp-content\/uploads\/2024\/12\/LT-Noisy-xe.png\" alt=\"\" \/><\/div><\/div><h4 class=\"service-heading\" style=\"color: #FFFFFF;\">Effektive Kommunikation in lauten Umgebungen<\/h4><p style=\"color:#FFFFFF;\">In lauten Industrieumgebungen, in denen das Verstehen von gesprochenen \u00dcbersetzungen schwierig sein kann, sorgen in Echtzeit \u00fcbersetzte Untertitel daf\u00fcr, dass jedes Wort klar kommuniziert wird.<\/p><\/div><\/div>[\/vc_column_inner][vc_column_inner width=&#8220;1\/4&#8243;]<div class=\"key-icon-box icon-default icon-top cont-center ib-hover-1    with-border icon-no-background icon-no-border kd-animated fadeInUp\" style=\"background-color: transparent;border: 1px solid #FFFFFF;\" ><div class=\"ib-wrapper\" ><div class=\"ib-simple-icon-wrapper\" style=\"margin-bottom:25px;\"><div class=\"tt-iconbox-customimg\"><img decoding=\"async\" src=\"https:\/\/www.amaxperteye.com\/wp-content\/uploads\/2024\/12\/LT-User-experience-xe.png\" alt=\"\" \/><\/div><\/div><h4 class=\"service-heading\" style=\"color: #FFFFFF;\">Personalisierte Benutzererfahrung<\/h4><p style=\"color:#FFFFFF;\">Durch die Unterst\u00fctzung mehrerer Benutzer kann jeder Teilnehmer seine bevorzugte Eingabe- und Ausgabesprache ausw\u00e4hlen, wodurch f\u00fcr jeden Benutzer eine ma\u00dfgeschneiderte Kommunikation geschaffen wird.<\/p><\/div><\/div>[\/vc_column_inner][\/vc_row_inner][\/vc_column][\/vc_row][vc_row full_width=&#8220;stretch_row&#8220; kd_background_image_position=&#8220;vc_row-bg-position-top&#8220; css=&#8220;.vc_custom_1732874854644{margin-top: -450px !important;padding-top: 150px !important;}&#8220; el_class=&#8220;faq-ai&#8220;][vc_column css=&#8220;.vc_custom_1515752234075{padding-right: 0px !important;padding-left: 0px !important;}&#8220;]<header class=\"kd-section-title col-lg-12 text-center  subtitle-below-title   \" ><h2 class=\"separator_off\" style=\"color: #FFFFFF;\">Sind Sie bereit, sprachliche Herausforderungen anzunehmen?<\/h2><h6 class=\"subtitle\" style=\"color: #FFFFFF;\">Ganz gleich, ob Sie in einem risikoreichen Industrieunternehmen oder im Kundendienst t\u00e4tig sind,<br \/>\nunsere Live-\u00dcbersetzungsfunktion stellt sicher, dass die Sprache nie ein Hindernis darstellt.<\/h6><\/header>[vc_row_inner kd_background_image_position=&#8220;vc_row-bg-position-top&#8220;][vc_column_inner width=&#8220;1\/4&#8243;][\/vc_column_inner][vc_column_inner width=&#8220;1\/2&#8243; css=&#8220;.vc_custom_1732030295550{padding-top: 50px !important;padding-bottom: 50px !important;}&#8220;]<a  href=\"https:\/\/www.amaxperteye.com\/de\/produktdemo-anfordern\/\"  target=\"_self\"  title=\"\"  class=\"tt_button tt_primary_button btn_primary_color  button-center button-action-link icon_right  kd-animated zoomIn add-margin-right\" data-animation-delay=200><span class=\"prim_text\">Fordern Sie noch heute Ihre Demo an<\/span><span class=\"fas fa-chevron-right iconita\" ><\/span><\/a>[\/vc_column_inner][vc_column_inner width=&#8220;1\/4&#8243;][\/vc_column_inner][\/vc_row_inner][\/vc_column][\/vc_row][vc_row full_width=&#8220;stretch_row&#8220; kd_background_image_position=&#8220;vc_row-bg-position-top&#8220; css=&#8220;.vc_custom_1732874821033{padding-bottom: 200px !important;}&#8220;][vc_column css=&#8220;.vc_custom_1515752234075{padding-right: 0px !important;padding-left: 0px !important;}&#8220;][vc_row_inner kd_background_image_position=&#8220;vc_row-bg-position-top&#8220; css=&#8220;.vc_custom_1598625305889{padding-top: 90px !important;}&#8220;][vc_column_inner]<header class=\"kd-section-title vc_col-lg-6 vc_col-sm-8 text-center  subtitle-below-title kd-animated fadeIn   vc_custom_1733842889098\" data-animation-delay=200><h2 class=\"separator_off\" >H\u00e4ufig gestellte Fragen<\/h2><\/header>[\/vc_column_inner][\/vc_row_inner][vc_row_inner kd_background_image_position=&#8220;vc_row-bg-position-top&#8220;][vc_column_inner width=&#8220;1\/6&#8243;][\/vc_column_inner][vc_column_inner el_class=&#8220;faq-ai&#8220; width=&#8220;2\/3&#8243; css=&#8220;.vc_custom_1732027706975{padding-top: 20px !important;background-color: #FFFFFF !important;border-radius: 5px !important;}&#8220;][vc_toggle title=&#8220;Was ist Live-\u00dcbersetzung?&#8220; css_animation=&#8220;none&#8220; css=&#8220;&#8220;]Live Translation ist eine KI-gest\u00fctzte Funktion, die XpertEye-Anrufe automatisch in Echtzeit in Ihre bevorzugte Sprache \u00fcbersetzt. Sie unterst\u00fctzt sowohl die Umwandlung von <strong>Sprache in Text (Untertitel)<\/strong> als auch von <strong>Sprache in Sprache (Sprach\u00fcbersetzung)<\/strong> und erm\u00f6glicht so eine nahtlose Kommunikation \u00fcber Sprachbarrieren hinweg.[\/vc_toggle][vc_toggle title=&#8220;K\u00f6nnen mehrere Benutzer im selben Anruf unterschiedliche Sprachen w\u00e4hlen?&#8220; css=&#8220;&#8220;]Ja! Jeder Teilnehmer kann seine eigenen Eingabe- und Ausgabesprachen festlegen, um eine personalisierte Erfahrung f\u00fcr alle zu gew\u00e4hrleisten.<br \/>\nWenn Sie beispielsweise Franz\u00f6sisch sprechen, h\u00f6ren Sie Franz\u00f6sisch (Eingabe entspricht Ausgabe)[\/vc_toggle][vc_toggle title=&#8220;Wie genau sind die \u00dcbersetzungen?&#8220; css=&#8220;&#8220;]Unsere KI verwendet fortschrittliche nat\u00fcrliche Sprachverarbeitung und Kontextanalyse, um hochpr\u00e4zise \u00dcbersetzungen zu liefern. Bei branchenspezifischen Begriffen oder Fachjargon wird jedoch empfohlen, das System mit benutzerdefiniertem Vokabular anzupassen, um die \u00dcbersetzungsgenauigkeit zu verbessern.[\/vc_toggle][vc_toggle title=&#8220;Wann sollte ich Sprache-zu-Text (Untertitel) anstelle von Sprache-zu-Sprache verwenden?&#8220; css=&#8220;&#8220;]Untertitel sind besonders in lauten Umgebungen wie Industrieanlagen n\u00fctzlich, in denen es schwierig sein kann, Audio\u00fcbersetzungen zu h\u00f6ren. Untertitel sorgen f\u00fcr Klarheit und verhindern Missverst\u00e4ndnisse.[\/vc_toggle][vc_toggle title=&#8220;Wie viele Sprachen unterst\u00fctzt die Live-\u00dcbersetzung von XpertEye?&#8220; css=&#8220;&#8220;]Die Live-\u00dcbersetzung ist auf Arabisch, Chinesisch, Tschechisch, Niederl\u00e4ndisch, Englisch, Franz\u00f6sisch, Deutsch, Hindi, Ungarisch, Italienisch, Japanisch, Koreanisch, Norwegisch, Polnisch, Portugiesisch, Rum\u00e4nisch, Russisch, Slowenisch, Spanisch, Tamil, Thail\u00e4ndisch, Traditionelles Chinesisch, T\u00fcrkisch und Ukrainisch.[\/vc_toggle][vc_toggle title=&#8220;Ist die Funktion sicher und vertraulich?&#8220; css=&#8220;&#8220;]Absolut. Unsere \u00dcbersetzungsfunktion entspricht strengen Sicherheitsstandards, einschlie\u00dflich der Einhaltung der DSGVO und der ISO 27001-Zertifizierung, um die Vertraulichkeit Ihrer Gespr\u00e4che zu gew\u00e4hrleisten. Dar\u00fcber hinaus werden 100 % der Daten ausschlie\u00dflich auf AMA-Servern verarbeitet, wodurch die vollst\u00e4ndige Kontrolle und Sicherheit Ihrer Informationen gew\u00e4hrleistet ist.[\/vc_toggle][vc_toggle title=&#8220;Kann ich die Live-\u00dcbersetzung mit jedem Ger\u00e4t verwenden?&#8220; css=&#8220;&#8220;]Die Live-\u00dcbersetzung ist vollst\u00e4ndig in die XpertEye-Plattform integriert und funktioniert auf allen kompatiblen Ger\u00e4ten, einschlie\u00dflich Datenbrillen, Tablets und Laptops.[\/vc_toggle][vc_toggle title=&#8220;Wie kann ich eine Live-\u00dcbersetzung f\u00fcr mein Team erhalten?&#8220; css=&#8220;&#8220;]Wenden Sie sich an Ihren AMA Ansprechpartner oder nutzen Sie die Kontaktfunktion unserer Webseite, um die Integration der Live-\u00dcbersetzung in Ihre XpertEye-L\u00f6sung zu besprechen. Wir f\u00fchren Sie durch die L\u00f6sung und passen sie gerne Ihre spezifischen Bed\u00fcrfnisse an.[\/vc_toggle][vc_toggle title=&#8220;Ist die Live-\u00dcbersetzung in der kostenlosen Testversion enthalten?&#8220; css=&#8220;&#8220;]Die Live-\u00dcbersetzung ist ausschlie\u00dflich f\u00fcr Pro- und Enterprise-Benutzer verf\u00fcgbar und nicht in der kostenlosen Testversion enthalten.[\/vc_toggle][\/vc_column_inner][vc_column_inner width=&#8220;1\/6&#8243;][\/vc_column_inner][\/vc_row_inner][\/vc_column][\/vc_row]<\/p>\n<\/div>","protected":false},"excerpt":{"rendered":"<p>[vc_row full_width=&#8220;stretch_row&#8220; content_placement=&#8220;middle&#8220; kd_background_image_position=&#8220;vc_row-bg-position-top&#8220; css=&#8220;.vc_custom_1732527230540{padding-top: 200px !important;padding-bottom: 100px !important;background-color: #ffffff !important;background-position: 0 0 !important;background-repeat: no-repeat !important;}&#8220; css_tablet_landscape=&#8220;.vc_custom_1732527230541{margin-top: 0px !important;}&#8220; css_tablet_portrait=&#8220;.vc_custom_1732527230541{margin-top: [&hellip;]<\/p>\n","protected":false},"author":1,"featured_media":0,"parent":0,"menu_order":0,"comment_status":"closed","ping_status":"closed","template":"","meta":{"content-type":"","inline_featured_image":false,"footnotes":"","_links_to":"","_links_to_target":""},"folder":[744],"class_list":["post-67903","page","type-page","status-publish","hentry"],"yoast_head":"<!-- This site is optimized with the Yoast SEO plugin v27.4 - https:\/\/yoast.com\/product\/yoast-seo-wordpress\/ -->\n<title>Live-\u00dcbersetzung - AMA XpertEye<\/title>\n<meta name=\"robots\" content=\"index, follow, max-snippet:-1, max-image-preview:large, max-video-preview:-1\" \/>\n<link rel=\"canonical\" href=\"https:\/\/www.amaxperteye.com\/de\/live-uebersetzung\/\" \/>\n<meta property=\"og:locale\" content=\"de_DE\" \/>\n<meta property=\"og:type\" content=\"article\" \/>\n<meta property=\"og:title\" content=\"Live-\u00dcbersetzung - AMA XpertEye\" \/>\n<meta property=\"og:description\" content=\"[vc_row full_width=&#8220;stretch_row&#8220; content_placement=&#8220;middle&#8220; kd_background_image_position=&#8220;vc_row-bg-position-top&#8220; css=&#8220;.vc_custom_1732527230540{padding-top: 200px !important;padding-bottom: 100px !important;background-color: #ffffff !important;background-position: 0 0 !important;background-repeat: no-repeat !important;}&#8220; css_tablet_landscape=&#8220;.vc_custom_1732527230541{margin-top: 0px !important;}&#8220; css_tablet_portrait=&#8220;.vc_custom_1732527230541{margin-top: [&hellip;]\" \/>\n<meta property=\"og:url\" content=\"https:\/\/www.amaxperteye.com\/de\/live-uebersetzung\/\" \/>\n<meta property=\"og:site_name\" content=\"AMA XpertEye\" \/>\n<meta property=\"article:publisher\" content=\"https:\/\/www.facebook.com\/AMAXpertEyeGroup\/\" \/>\n<meta property=\"article:modified_time\" content=\"2025-11-03T13:55:09+00:00\" \/>\n<meta name=\"twitter:card\" content=\"summary_large_image\" \/>\n<meta name=\"twitter:site\" content=\"@AMA_XPERTEYE\" \/>\n<meta name=\"twitter:label1\" content=\"Gesch\u00e4tzte Lesezeit\" \/>\n\t<meta name=\"twitter:data1\" content=\"5\u00a0Minuten\" \/>\n<script type=\"application\/ld+json\" class=\"yoast-schema-graph\">{\"@context\":\"https:\\\/\\\/schema.org\",\"@graph\":[{\"@type\":\"WebPage\",\"@id\":\"https:\\\/\\\/www.amaxperteye.com\\\/de\\\/live-uebersetzung\\\/\",\"url\":\"https:\\\/\\\/www.amaxperteye.com\\\/de\\\/live-uebersetzung\\\/\",\"name\":\"Live-\u00dcbersetzung - AMA XpertEye\",\"isPartOf\":{\"@id\":\"https:\\\/\\\/www.amaxperteye.com\\\/de\\\/#website\"},\"datePublished\":\"2024-12-10T15:04:59+00:00\",\"dateModified\":\"2025-11-03T13:55:09+00:00\",\"breadcrumb\":{\"@id\":\"https:\\\/\\\/www.amaxperteye.com\\\/de\\\/live-uebersetzung\\\/#breadcrumb\"},\"inLanguage\":\"de\",\"potentialAction\":[{\"@type\":\"ReadAction\",\"target\":[\"https:\\\/\\\/www.amaxperteye.com\\\/de\\\/live-uebersetzung\\\/\"]}]},{\"@type\":\"BreadcrumbList\",\"@id\":\"https:\\\/\\\/www.amaxperteye.com\\\/de\\\/live-uebersetzung\\\/#breadcrumb\",\"itemListElement\":[{\"@type\":\"ListItem\",\"position\":1,\"name\":\"Accueil\",\"item\":\"https:\\\/\\\/www.amaxperteye.com\\\/de\\\/\"},{\"@type\":\"ListItem\",\"position\":2,\"name\":\"Live-\u00dcbersetzung\"}]},{\"@type\":\"WebSite\",\"@id\":\"https:\\\/\\\/www.amaxperteye.com\\\/de\\\/#website\",\"url\":\"https:\\\/\\\/www.amaxperteye.com\\\/de\\\/\",\"name\":\"AMA XpertEye\",\"description\":\"Digital Accelerator\",\"potentialAction\":[{\"@type\":\"SearchAction\",\"target\":{\"@type\":\"EntryPoint\",\"urlTemplate\":\"https:\\\/\\\/www.amaxperteye.com\\\/de\\\/?s={search_term_string}\"},\"query-input\":{\"@type\":\"PropertyValueSpecification\",\"valueRequired\":true,\"valueName\":\"search_term_string\"}}],\"inLanguage\":\"de\"}]}<\/script>\n<!-- \/ Yoast SEO plugin. -->","yoast_head_json":{"title":"Live-\u00dcbersetzung - AMA XpertEye","robots":{"index":"index","follow":"follow","max-snippet":"max-snippet:-1","max-image-preview":"max-image-preview:large","max-video-preview":"max-video-preview:-1"},"canonical":"https:\/\/www.amaxperteye.com\/de\/live-uebersetzung\/","og_locale":"de_DE","og_type":"article","og_title":"Live-\u00dcbersetzung - AMA XpertEye","og_description":"[vc_row full_width=&#8220;stretch_row&#8220; content_placement=&#8220;middle&#8220; kd_background_image_position=&#8220;vc_row-bg-position-top&#8220; css=&#8220;.vc_custom_1732527230540{padding-top: 200px !important;padding-bottom: 100px !important;background-color: #ffffff !important;background-position: 0 0 !important;background-repeat: no-repeat !important;}&#8220; css_tablet_landscape=&#8220;.vc_custom_1732527230541{margin-top: 0px !important;}&#8220; css_tablet_portrait=&#8220;.vc_custom_1732527230541{margin-top: [&hellip;]","og_url":"https:\/\/www.amaxperteye.com\/de\/live-uebersetzung\/","og_site_name":"AMA XpertEye","article_publisher":"https:\/\/www.facebook.com\/AMAXpertEyeGroup\/","article_modified_time":"2025-11-03T13:55:09+00:00","twitter_card":"summary_large_image","twitter_site":"@AMA_XPERTEYE","twitter_misc":{"Gesch\u00e4tzte Lesezeit":"5\u00a0Minuten"},"schema":{"@context":"https:\/\/schema.org","@graph":[{"@type":"WebPage","@id":"https:\/\/www.amaxperteye.com\/de\/live-uebersetzung\/","url":"https:\/\/www.amaxperteye.com\/de\/live-uebersetzung\/","name":"Live-\u00dcbersetzung - AMA XpertEye","isPartOf":{"@id":"https:\/\/www.amaxperteye.com\/de\/#website"},"datePublished":"2024-12-10T15:04:59+00:00","dateModified":"2025-11-03T13:55:09+00:00","breadcrumb":{"@id":"https:\/\/www.amaxperteye.com\/de\/live-uebersetzung\/#breadcrumb"},"inLanguage":"de","potentialAction":[{"@type":"ReadAction","target":["https:\/\/www.amaxperteye.com\/de\/live-uebersetzung\/"]}]},{"@type":"BreadcrumbList","@id":"https:\/\/www.amaxperteye.com\/de\/live-uebersetzung\/#breadcrumb","itemListElement":[{"@type":"ListItem","position":1,"name":"Accueil","item":"https:\/\/www.amaxperteye.com\/de\/"},{"@type":"ListItem","position":2,"name":"Live-\u00dcbersetzung"}]},{"@type":"WebSite","@id":"https:\/\/www.amaxperteye.com\/de\/#website","url":"https:\/\/www.amaxperteye.com\/de\/","name":"AMA XpertEye","description":"Digital Accelerator","potentialAction":[{"@type":"SearchAction","target":{"@type":"EntryPoint","urlTemplate":"https:\/\/www.amaxperteye.com\/de\/?s={search_term_string}"},"query-input":{"@type":"PropertyValueSpecification","valueRequired":true,"valueName":"search_term_string"}}],"inLanguage":"de"}]}},"_links":{"self":[{"href":"https:\/\/www.amaxperteye.com\/de\/wp-json\/wp\/v2\/pages\/67903","targetHints":{"allow":["GET"]}}],"collection":[{"href":"https:\/\/www.amaxperteye.com\/de\/wp-json\/wp\/v2\/pages"}],"about":[{"href":"https:\/\/www.amaxperteye.com\/de\/wp-json\/wp\/v2\/types\/page"}],"author":[{"embeddable":true,"href":"https:\/\/www.amaxperteye.com\/de\/wp-json\/wp\/v2\/users\/1"}],"replies":[{"embeddable":true,"href":"https:\/\/www.amaxperteye.com\/de\/wp-json\/wp\/v2\/comments?post=67903"}],"version-history":[{"count":13,"href":"https:\/\/www.amaxperteye.com\/de\/wp-json\/wp\/v2\/pages\/67903\/revisions"}],"predecessor-version":[{"id":69193,"href":"https:\/\/www.amaxperteye.com\/de\/wp-json\/wp\/v2\/pages\/67903\/revisions\/69193"}],"wp:attachment":[{"href":"https:\/\/www.amaxperteye.com\/de\/wp-json\/wp\/v2\/media?parent=67903"}],"wp:term":[{"taxonomy":"folder","embeddable":true,"href":"https:\/\/www.amaxperteye.com\/de\/wp-json\/wp\/v2\/folder?post=67903"}],"curies":[{"name":"wp","href":"https:\/\/api.w.org\/{rel}","templated":true}]}}